{"id":666,"date":"2022-10-13T10:39:33","date_gmt":"2022-10-13T10:39:33","guid":{"rendered":"http:\/\/drbronner.pl\/?page_id=666"},"modified":"2022-12-12T20:31:34","modified_gmt":"2022-12-12T20:31:34","slug":"mydla-i-odkazniki","status":"publish","type":"page","link":"https:\/\/drbronner.pl\/index.php\/produkty\/mydla-i-odkazniki\/","title":{"rendered":"MYD\u0141A I ODKA\u017bNIKI"},"content":{"rendered":"<p>[et_pb_section fb_built=&#8221;1&#8243; _builder_version=&#8221;4.19.2&#8243; _module_preset=&#8221;default&#8221; background_color=&#8221;#0f2046&#8243; custom_margin=&#8221;0px||0px||false|false&#8221; custom_padding=&#8221;0px||0px||false|false&#8221; sticky_position=&#8221;top&#8221; box_shadow_style=&#8221;preset1&#8243; global_module=&#8221;518&#8243; saved_tabs=&#8221;all&#8221; global_colors_info=&#8221;{}&#8221;][et_pb_row column_structure=&#8221;3_4,1_4&#8243; use_custom_gutter=&#8221;on&#8221; gutter_width=&#8221;1&#8243; make_equal=&#8221;on&#8221; disabled_on=&#8221;on|off|off&#8221; _builder_version=&#8221;4.19.2&#8243; _module_preset=&#8221;default&#8221; background_color=&#8221;rgba(15,32,70,0)&#8221; width=&#8221;100%&#8221; max_width=&#8221;2560px&#8221; module_alignment=&#8221;right&#8221; height=&#8221;60px&#8221; custom_margin=&#8221;0px||0px||false|false&#8221; custom_padding=&#8221;0px||0px||true|false&#8221; global_colors_info=&#8221;{}&#8221;][et_pb_column type=&#8221;3_4&#8243; _builder_version=&#8221;4.18.0&#8243; _module_preset=&#8221;default&#8221; custom_padding=&#8221;|0px|||false|false&#8221; custom_css_main_element=&#8221;width:85vw !important;||&#8221; global_colors_info=&#8221;{}&#8221;][et_pb_menu active_link_color=&#8221;#fefefe&#8221; logo=&#8221;http:\/\/drbronner.pl\/wp-content\/uploads\/2022\/06\/poziom-wh.svg&#8221; logo_url=&#8221;http:\/\/drbronner.pl\/&#8221; logo_width=&#8221;9em&#8221; module_class=&#8221;menu-main&#8221; _builder_version=&#8221;4.19.2&#8243; _module_preset=&#8221;default&#8221; menu_font=&#8221;Benton Compressed &#8211; bold|||on|||||&#8221; menu_text_color=&#8221;#fefefe&#8221; menu_font_size=&#8221;16px&#8221; menu_letter_spacing=&#8221;3px&#8221; menu_line_height=&#8221;0em&#8221; background_color=&#8221;rgba(255,255,255,0)&#8221; text_orientation=&#8221;right&#8221; width=&#8221;100%&#8221; module_alignment=&#8221;right&#8221; height=&#8221;60px&#8221; custom_margin=&#8221;0px|0px|0px||false|false&#8221; custom_padding=&#8221;0%||0px|5%|false|false&#8221; custom_css_main_element=&#8221;float:right;&#8221; custom_css_menu_logo=&#8221;margin-top:-20px;&#8221; global_colors_info=&#8221;{}&#8221; menu_text_color__hover_enabled=&#8221;on|hover&#8221; menu_text_color__hover=&#8221;#6e9bbf&#8221;][\/et_pb_menu][\/et_pb_column][et_pb_column type=&#8221;1_4&#8243; _builder_version=&#8221;4.18.0&#8243; _module_preset=&#8221;default&#8221; custom_padding=&#8221;|50px|||false|false&#8221; custom_css_main_element=&#8221;width:15vw !important;&#8221; global_colors_info=&#8221;{}&#8221;][et_pb_blurb use_icon=&#8221;on&#8221; font_icon=&#8221;&#xf16d;||fa||400&#8243; icon_color=&#8221;#FFFFFF&#8221; icon_placement=&#8221;left&#8221; image_icon_width=&#8221;24px&#8221; disabled_on=&#8221;on|off|off&#8221; admin_label=&#8221;IG&#8221; _builder_version=&#8221;4.19.2&#8243; _module_preset=&#8221;default&#8221; background_color=&#8221;#00358e&#8221; width=&#8221;50px&#8221; height=&#8221;100%&#8221; custom_margin=&#8221;0px|0px|0px|5px|false|false&#8221; custom_padding=&#8221;18px||20px|15px|false|false&#8221; link_option_url=&#8221;https:\/\/www.instagram.com\/drbronnerspoland\/&#8221; custom_css_main_element=&#8221;float:right;&#8221; global_colors_info=&#8221;{}&#8221;][\/et_pb_blurb][et_pb_blurb use_icon=&#8221;on&#8221; font_icon=&#8221;&#xe07a;||divi||400&#8243; icon_color=&#8221;#FFFFFF&#8221; icon_placement=&#8221;left&#8221; image_icon_width=&#8221;24px&#8221; disabled_on=&#8221;on|off|off&#8221; _builder_version=&#8221;4.19.2&#8243; _module_preset=&#8221;default&#8221; background_color=&#8221;#00358e&#8221; width=&#8221;50px&#8221; height=&#8221;100%&#8221; custom_margin=&#8221;0px|0px|0px|0px|false|false&#8221; custom_padding=&#8221;18px||20px|15px|false|false&#8221; link_option_url=&#8221;https:\/\/drbronner24.pl\/&#8221; custom_css_main_element=&#8221;float:right;&#8221; global_colors_info=&#8221;{}&#8221;][\/et_pb_blurb][\/et_pb_column][\/et_pb_row][et_pb_row use_custom_gutter=&#8221;on&#8221; gutter_width=&#8221;1&#8243; make_equal=&#8221;on&#8221; disabled_on=&#8221;off|on|on&#8221; _builder_version=&#8221;4.19.2&#8243; _module_preset=&#8221;default&#8221; background_color=&#8221;rgba(15,32,70,0)&#8221; width=&#8221;100%&#8221; max_width=&#8221;2560px&#8221; module_alignment=&#8221;center&#8221; custom_margin=&#8221;0px||0px||false|false&#8221; custom_padding=&#8221;0px||0px||true|false&#8221; global_colors_info=&#8221;{}&#8221;][et_pb_column type=&#8221;4_4&#8243; _builder_version=&#8221;4.18.0&#8243; _module_preset=&#8221;default&#8221; custom_padding=&#8221;|0px|||false|false&#8221; custom_css_main_element=&#8221;width:85vw !important;||&#8221; global_colors_info=&#8221;{}&#8221;][et_pb_menu active_link_color=&#8221;#fefefe&#8221; dropdown_menu_bg_color=&#8221;#0f2046&#8243; dropdown_menu_line_color=&#8221;#FFFFFF&#8221; dropdown_menu_text_color=&#8221;#FFFFFF&#8221; dropdown_menu_active_link_color=&#8221;#FFFFFF&#8221; mobile_menu_bg_color=&#8221;#0f2046&#8243; logo=&#8221;http:\/\/drbronner.pl\/wp-content\/uploads\/2022\/06\/poziom-wh.svg&#8221; logo_url=&#8221;http:\/\/drbronner.pl\/&#8221; logo_width=&#8221;8em&#8221; _builder_version=&#8221;4.19.2&#8243; _module_preset=&#8221;default&#8221; menu_font=&#8221;Benton Compressed &#8211; bold|||on|||||&#8221; menu_text_color=&#8221;#fefefe&#8221; menu_font_size=&#8221;16px&#8221; menu_letter_spacing=&#8221;3px&#8221; menu_line_height=&#8221;0em&#8221; background_color=&#8221;rgba(255,255,255,0)&#8221; text_orientation=&#8221;right&#8221; width=&#8221;100%&#8221; module_alignment=&#8221;center&#8221; height=&#8221;60px&#8221; custom_padding=&#8221;||20px||false|false&#8221; custom_css_dropdown_links=&#8221;height:50px !important;&#8221; custom_css_menu_logo=&#8221;margin-top:10px;||margin-left:10px;&#8221; global_colors_info=&#8221;{}&#8221; menu_text_color__hover_enabled=&#8221;on|hover&#8221; menu_text_color__hover=&#8221;#6e9bbf&#8221;][\/et_pb_menu][\/et_pb_column][\/et_pb_row][\/et_pb_section][et_pb_section fb_built=&#8221;1&#8243; theme_builder_area=&#8221;post_content&#8221; _builder_version=&#8221;4.19.2&#8243; _module_preset=&#8221;default&#8221; custom_padding=&#8221;0px||0px||false|false&#8221; hover_enabled=&#8221;0&#8243; sticky_enabled=&#8221;0&#8243;][et_pb_row _builder_version=&#8221;4.19.2&#8243; _module_preset=&#8221;default&#8221; theme_builder_area=&#8221;post_content&#8221; custom_padding=&#8221;||0px||false|false&#8221; custom_margin=&#8221;||0px||false|false&#8221; hover_enabled=&#8221;0&#8243; sticky_enabled=&#8221;0&#8243;][et_pb_column _builder_version=&#8221;4.19.2&#8243; _module_preset=&#8221;default&#8221; type=&#8221;4_4&#8243; theme_builder_area=&#8221;post_content&#8221;][et_pb_text _builder_version=&#8221;4.19.2&#8243; _module_preset=&#8221;default&#8221; text_font=&#8221;Benton Sans Medium||||||||&#8221; text_text_color=&#8221;#000000&#8243; text_font_size=&#8221;18px&#8221; header_font=&#8221;Abel||||||||&#8221; text_orientation=&#8221;center&#8221; hover_enabled=&#8221;0&#8243; global_colors_info=&#8221;{}&#8221; theme_builder_area=&#8221;post_content&#8221; custom_padding=&#8221;||0px||false|false&#8221; custom_margin=&#8221;||0px||false|false&#8221; text_font_size_last_edited=&#8221;on|phone&#8221; sticky_enabled=&#8221;0&#8243; text_font_size_phone=&#8221;16px&#8221; text_font_size_tablet=&#8221;18px&#8221;]<\/p>\n<p><strong>Nasze Certyfikaty<\/strong><\/p>\n<p>[\/et_pb_text][et_pb_image src=&#8221;http:\/\/drbronner.pl\/wp-content\/uploads\/2022\/10\/certyfikaty.png&#8221; title_text=&#8221;certyfikaty&#8221; _builder_version=&#8221;4.19.2&#8243; _module_preset=&#8221;default&#8221; custom_margin=&#8221;0px||0px||false|false&#8221; custom_padding=&#8221;0px||3px||false|false&#8221; hover_enabled=&#8221;0&#8243; global_colors_info=&#8221;{}&#8221; theme_builder_area=&#8221;post_content&#8221; width=&#8221;40%&#8221; module_alignment=&#8221;center&#8221; width_last_edited=&#8221;on|phone&#8221; sticky_enabled=&#8221;0&#8243; width_phone=&#8221;100%&#8221; width_tablet=&#8221;40%&#8221;][\/et_pb_image][et_pb_text _builder_version=&#8221;4.19.2&#8243; _module_preset=&#8221;default&#8221; text_font=&#8221;Benton Sans Medium||||||||&#8221; text_font_size=&#8221;10px&#8221; text_line_height=&#8221;1.3em&#8221; text_orientation=&#8221;center&#8221; custom_margin=&#8221;10px||0px||false|false&#8221; custom_padding=&#8221;0px||0px||false|false&#8221; hover_enabled=&#8221;0&#8243; global_colors_info=&#8221;{}&#8221; theme_builder_area=&#8221;post_content&#8221; width=&#8221;50%&#8221; module_alignment=&#8221;center&#8221; sticky_enabled=&#8221;0&#8243; width__hover_enabled=&#8221;off|desktop&#8221; width__hover=&#8221;50%&#8221; width_last_edited=&#8221;on|phone&#8221; width_phone=&#8221;100%&#8221; width_tablet=&#8221;50%&#8221;]<\/p>\n<p>Certyfikowany zgodnie z najsurowszymi standardami bran\u017cowymi. Nasz najnowszy wysoki standard: Regenerative Organic Certified\u2122. Sprawd\u017a etykiet\u0119! \u017badnego szumu wok\u00f3\u0142 greenwashingu!<\/p>\n<p>[\/et_pb_text][\/et_pb_column][\/et_pb_row][\/et_pb_section][et_pb_section fb_built=&#8221;1&#8243; _builder_version=&#8221;4.19.2&#8243; _module_preset=&#8221;default&#8221; hover_enabled=&#8221;0&#8243; global_colors_info=&#8221;{}&#8221; custom_padding=&#8221;0px||0px||false|false&#8221; custom_margin=&#8221;||0px||false|false&#8221; sticky_enabled=&#8221;0&#8243;][et_pb_row _builder_version=&#8221;4.19.2&#8243; _module_preset=&#8221;default&#8221; max_width=&#8221;2560px&#8221; hover_enabled=&#8221;0&#8243; global_colors_info=&#8221;{}&#8221; custom_padding=&#8221;0px||||false|false&#8221; custom_margin=&#8221;0px||||false|false&#8221; sticky_enabled=&#8221;0&#8243;][et_pb_column type=&#8221;4_4&#8243; _builder_version=&#8221;4.18.0&#8243; _module_preset=&#8221;default&#8221; global_colors_info=&#8221;{}&#8221;][et_pb_code _builder_version=&#8221;4.19.0&#8243; _module_preset=&#8221;default&#8221; global_colors_info=&#8221;{}&#8221;][et_pb_section global_module=\"134\"][\/et_pb_section][\/et_pb_code][\/et_pb_column][\/et_pb_row][\/et_pb_section]<\/p>\n","protected":false},"excerpt":{"rendered":"<p>Nasze CertyfikatyCertyfikowany zgodnie z najsurowszymi standardami bran\u017cowymi. Nasz najnowszy wysoki standard: Regenerative Organic Certified\u2122. Sprawd\u017a etykiet\u0119! \u017badnego szumu wok\u00f3\u0142 greenwashingu!<div class=\"et_pb_section et_pb_section_1 et_pb_sticky_module et_pb_with_background et_section_regular\" >\n\t\t\t\t\n\t\t\t\t\n\t\t\t\t\n\t\t\t\t\n\t\t\t\t\n\t\t\t\t\n\t\t\t\t<div class=\"et_pb_row et_pb_row_0\">\n\t\t\t\t<div class=\"et_pb_column et_pb_column_1_4 et_pb_column_0  et_pb_css_mix_blend_mode_passthrough\">\n\t\t\t\t\n\t\t\t\t\n\t\t\t\t\n\t\t\t\t\n\t\t\t\t<div class=\"et_pb_module et_pb_blurb et_pb_blurb_0 notka-sklep et_clickable  et_pb_text_align_left  et_pb_blurb_position_top et_pb_bg_layout_light\">\n\t\t\t\t\n\t\t\t\t\n\t\t\t\t\n\t\t\t\t\n\t\t\t\t<div class=\"et_pb_blurb_content\">\n\t\t\t\t\t<div class=\"et_pb_main_blurb_image\"><span class=\"et_pb_image_wrap et_pb_only_image_mode_wrap\"><img loading=\"lazy\" decoding=\"async\" width=\"89\" height=\"240\" src=\"http:\/\/drbronner.pl\/wp-content\/uploads\/2022\/10\/US-LiquidSoap-32oz-Peppermint-600_medium.webp\" alt=\"\" class=\"et-waypoint et_pb_animation_top et_pb_animation_top_tablet et_pb_animation_top_phone wp-image-136\" \/><\/span><\/div>\n\t\t\t\t\t<div class=\"et_pb_blurb_container\">\n\t\t\t\t\t\t<h4 class=\"et_pb_module_header\"><span>Kastylijskie myd\u0142o w p\u0142ynie<\/span><\/h4>\n\t\t\t\t\t\t<div class=\"et_pb_blurb_description\"><p>18 w 1! Myd\u0142o idealne do rozcie\u0144czenia z wod\u0105.<\/p>\n<\/div>\n\t\t\t\t\t<\/div>\n\t\t\t\t<\/div>\n\t\t\t<\/div>\n\t\t\t<\/div><div class=\"et_pb_column et_pb_column_1_4 et_pb_column_1  et_pb_css_mix_blend_mode_passthrough\">\n\t\t\t\t\n\t\t\t\t\n\t\t\t\t\n\t\t\t\t\n\t\t\t\t<div class=\"et_pb_module et_pb_blurb et_pb_blurb_1 notka-sklep et_clickable  et_pb_text_align_left  et_pb_blurb_position_top et_pb_bg_layout_light\">\n\t\t\t\t\n\t\t\t\t\n\t\t\t\t\n\t\t\t\t\n\t\t\t\t<div class=\"et_pb_blurb_content\">\n\t\t\t\t\t<div class=\"et_pb_main_blurb_image\"><span class=\"et_pb_image_wrap et_pb_only_image_mode_wrap\"><img loading=\"lazy\" decoding=\"async\" width=\"89\" height=\"185\" src=\"http:\/\/drbronner.pl\/wp-content\/uploads\/2022\/10\/organic-sugar-soaps.jpg\" alt=\"\" class=\"et-waypoint et_pb_animation_top et_pb_animation_top_tablet et_pb_animation_top_phone wp-image-187\" \/><\/span><\/div>\n\t\t\t\t\t<div class=\"et_pb_blurb_container\">\n\t\t\t\t\t\t<h4 class=\"et_pb_module_header\"><span>Naturalne myd\u0142o cukrowe w p\u0142ynie<\/span><\/h4>\n\t\t\t\t\t\t<div class=\"et_pb_blurb_description\"><p>Bezpieczne dla cia\u0142a i planety! Produkt posiada  pompk\u0119.<\/p>\n<\/div>\n\t\t\t\t\t<\/div>\n\t\t\t\t<\/div>\n\t\t\t<\/div>\n\t\t\t<\/div><div class=\"et_pb_column et_pb_column_1_4 et_pb_column_2  et_pb_css_mix_blend_mode_passthrough\">\n\t\t\t\t\n\t\t\t\t\n\t\t\t\t\n\t\t\t\t\n\t\t\t\t<div class=\"et_pb_module et_pb_blurb et_pb_blurb_2 notka-sklep et_clickable  et_pb_text_align_left  et_pb_blurb_position_top et_pb_bg_layout_light\">\n\t\t\t\t\n\t\t\t\t\n\t\t\t\t\n\t\t\t\t\n\t\t\t\t<div class=\"et_pb_blurb_content\">\n\t\t\t\t\t<div class=\"et_pb_main_blurb_image\"><span class=\"et_pb_image_wrap et_pb_only_image_mode_wrap\"><img loading=\"lazy\" decoding=\"async\" width=\"250\" height=\"147\" src=\"http:\/\/drbronner.pl\/wp-content\/uploads\/2022\/10\/pure-castile-bar-soap.jpg\" alt=\"\" class=\"et-waypoint et_pb_animation_top et_pb_animation_top_tablet et_pb_animation_top_phone wp-image-194\" \/><\/span><\/div>\n\t\t\t\t\t<div class=\"et_pb_blurb_container\">\n\t\t\t\t\t\t<h4 class=\"et_pb_module_header\"><span>Kastylijskie myd\u0142o w kostce <\/span><\/h4>\n\t\t\t\t\t\t<div class=\"et_pb_blurb_description\"><p>Delikatne! Wydajne! \u0141agodne dla sk\u00f3ry! Jeden produkt - wiele korzy\u015bci!<\/p>\n<\/div>\n\t\t\t\t\t<\/div>\n\t\t\t\t<\/div>\n\t\t\t<\/div>\n\t\t\t<\/div><div class=\"et_pb_column et_pb_column_1_4 et_pb_column_3  et_pb_css_mix_blend_mode_passthrough et-last-child\">\n\t\t\t\t\n\t\t\t\t\n\t\t\t\t\n\t\t\t\t\n\t\t\t\t<div class=\"et_pb_module et_pb_blurb et_pb_blurb_3 notka-sklep et_clickable  et_pb_text_align_left  et_pb_blurb_position_top et_pb_bg_layout_light\">\n\t\t\t\t\n\t\t\t\t\n\t\t\t\t\n\t\t\t\t\n\t\t\t\t<div class=\"et_pb_blurb_content\">\n\t\t\t\t\t<div class=\"et_pb_main_blurb_image\"><span class=\"et_pb_image_wrap et_pb_only_image_mode_wrap\"><img loading=\"lazy\" decoding=\"async\" width=\"250\" height=\"696\" src=\"http:\/\/drbronner.pl\/wp-content\/uploads\/2022\/10\/organic-lotions.jpg\" alt=\"\" srcset=\"https:\/\/drbronner.pl\/wp-content\/uploads\/2022\/10\/organic-lotions.jpg 250w, https:\/\/drbronner.pl\/wp-content\/uploads\/2022\/10\/organic-lotions-108x300.jpg 108w\" sizes=\"(max-width: 250px) 100vw, 250px\" class=\"et-waypoint et_pb_animation_top et_pb_animation_top_tablet et_pb_animation_top_phone wp-image-231\" \/><\/span><\/div>\n\t\t\t\t\t<div class=\"et_pb_blurb_container\">\n\t\t\t\t\t\t<h4 class=\"et_pb_module_header\"><span>Organiczny Lotion<\/span><\/h4>\n\t\t\t\t\t\t<div class=\"et_pb_blurb_description\"><p>Balsam do cia\u0142a i d\u0142oni. Produkt wega\u0144ski, nie posiada konserwant\u00f3w. <\/p>\n<\/div>\n\t\t\t\t\t<\/div>\n\t\t\t\t<\/div>\n\t\t\t<\/div>\n\t\t\t<\/div>\n\t\t\t\t\n\t\t\t\t\n\t\t\t\t\n\t\t\t\t\n\t\t\t<\/div><div class=\"et_pb_row et_pb_row_1\">\n\t\t\t\t<div class=\"et_pb_column et_pb_column_1_4 et_pb_column_4  et_pb_css_mix_blend_mode_passthrough\">\n\t\t\t\t\n\t\t\t\t\n\t\t\t\t\n\t\t\t\t\n\t\t\t\t<div class=\"et_pb_module et_pb_blurb et_pb_blurb_4 notka-sklep et_clickable  et_pb_text_align_left  et_pb_blurb_position_top et_pb_bg_layout_light\">\n\t\t\t\t\n\t\t\t\t\n\t\t\t\t\n\t\t\t\t\n\t\t\t\t<div class=\"et_pb_blurb_content\">\n\t\t\t\t\t<div class=\"et_pb_main_blurb_image\"><span class=\"et_pb_image_wrap et_pb_only_image_mode_wrap\"><img loading=\"lazy\" decoding=\"async\" width=\"250\" height=\"835\" src=\"http:\/\/drbronner.pl\/wp-content\/uploads\/2022\/10\/organic-lip-balm.jpg\" alt=\"\" srcset=\"https:\/\/drbronner.pl\/wp-content\/uploads\/2022\/10\/organic-lip-balm.jpg 250w, https:\/\/drbronner.pl\/wp-content\/uploads\/2022\/10\/organic-lip-balm-90x300.jpg 90w\" sizes=\"(max-width: 250px) 100vw, 250px\" class=\"et-waypoint et_pb_animation_top et_pb_animation_top_tablet et_pb_animation_top_phone wp-image-234\" \/><\/span><\/div>\n\t\t\t\t\t<div class=\"et_pb_blurb_container\">\n\t\t\t\t\t\t<h4 class=\"et_pb_module_header\"><span>Organiczny balsam do ust <\/span><\/h4>\n\t\t\t\t\t\t<div class=\"et_pb_blurb_description\"><p>Organiczny wosk pszczeli oraz oleje nawil\u017caj\u0105 i chroni\u0105 usta.<\/p>\n<\/div>\n\t\t\t\t\t<\/div>\n\t\t\t\t<\/div>\n\t\t\t<\/div>\n\t\t\t<\/div><div class=\"et_pb_column et_pb_column_1_4 et_pb_column_5  et_pb_css_mix_blend_mode_passthrough\">\n\t\t\t\t\n\t\t\t\t\n\t\t\t\t\n\t\t\t\t\n\t\t\t\t<div class=\"et_pb_module et_pb_blurb et_pb_blurb_5 notka-sklep et_clickable  et_pb_text_align_left  et_pb_blurb_position_top et_pb_bg_layout_light\">\n\t\t\t\t\n\t\t\t\t\n\t\t\t\t\n\t\t\t\t\n\t\t\t\t<div class=\"et_pb_blurb_content\">\n\t\t\t\t\t<div class=\"et_pb_main_blurb_image\"><span class=\"et_pb_image_wrap et_pb_only_image_mode_wrap\"><img loading=\"lazy\" decoding=\"async\" width=\"600\" height=\"570\" src=\"http:\/\/drbronner.pl\/wp-content\/uploads\/2022\/11\/US-MagicBalm-2oz-Unscented-600_1800x1800.webp\" alt=\"\" srcset=\"https:\/\/drbronner.pl\/wp-content\/uploads\/2022\/11\/US-MagicBalm-2oz-Unscented-600_1800x1800.webp 600w, https:\/\/drbronner.pl\/wp-content\/uploads\/2022\/11\/US-MagicBalm-2oz-Unscented-600_1800x1800-480x456.webp 480w\" sizes=\"(min-width: 0px) and (max-width: 480px) 480px, (min-width: 481px) 600px, 100vw\" class=\"et-waypoint et_pb_animation_top et_pb_animation_top_tablet et_pb_animation_top_phone wp-image-2159\" \/><\/span><\/div>\n\t\t\t\t\t<div class=\"et_pb_blurb_container\">\n\t\t\t\t\t\t<h4 class=\"et_pb_module_header\"><span>Organiczny, magiczny balsam<\/span><\/h4>\n\t\t\t\t\t\t<div class=\"et_pb_blurb_description\"><p>Od\u017cywia, nawil\u017ca oraz \u0142agodzi spierzchni\u0119t\u0105 such\u0105 sk\u00f3r\u0119 d\u0142oni, twarzy i ca\u0142ego cia\u0142a!<\/p>\n<\/div>\n\t\t\t\t\t<\/div>\n\t\t\t\t<\/div>\n\t\t\t<\/div>\n\t\t\t<\/div><div class=\"et_pb_column et_pb_column_1_4 et_pb_column_6  et_pb_css_mix_blend_mode_passthrough\">\n\t\t\t\t\n\t\t\t\t\n\t\t\t\t\n\t\t\t\t\n\t\t\t\t<div class=\"et_pb_module et_pb_blurb et_pb_blurb_6 notka-sklep et_clickable  et_pb_text_align_left  et_pb_blurb_position_top et_pb_bg_layout_light\">\n\t\t\t\t\n\t\t\t\t\n\t\t\t\t\n\t\t\t\t\n\t\t\t\t<div class=\"et_pb_blurb_content\">\n\t\t\t\t\t<div class=\"et_pb_main_blurb_image\"><span class=\"et_pb_image_wrap et_pb_only_image_mode_wrap\"><img loading=\"lazy\" decoding=\"async\" width=\"250\" height=\"635\" src=\"http:\/\/drbronner.pl\/wp-content\/uploads\/2022\/10\/peppermint-all-one-toothpaste.png\" alt=\"\" srcset=\"https:\/\/drbronner.pl\/wp-content\/uploads\/2022\/10\/peppermint-all-one-toothpaste.png 250w, https:\/\/drbronner.pl\/wp-content\/uploads\/2022\/10\/peppermint-all-one-toothpaste-118x300.png 118w\" sizes=\"(max-width: 250px) 100vw, 250px\" class=\"et-waypoint et_pb_animation_top et_pb_animation_top_tablet et_pb_animation_top_phone wp-image-265\" \/><\/span><\/div>\n\t\t\t\t\t<div class=\"et_pb_blurb_container\">\n\t\t\t\t\t\t<h4 class=\"et_pb_module_header\"><span>Mi\u0119towa pasta do z\u0119b\u00f3w ALL-ONE<\/span><\/h4>\n\t\t\t\t\t\t<div class=\"et_pb_blurb_description\"><p>Myj sk\u0142adnikami, kt\u00f3rym ufasz.<\/p>\n<\/div>\n\t\t\t\t\t<\/div>\n\t\t\t\t<\/div>\n\t\t\t<\/div>\n\t\t\t<\/div><div class=\"et_pb_column et_pb_column_1_4 et_pb_column_7  et_pb_css_mix_blend_mode_passthrough et-last-child et_pb_column_empty\">\n\t\t\t\t\n\t\t\t\t\n\t\t\t\t\n\t\t\t\t\n\t\t\t\t\n\t\t\t<\/div>\n\t\t\t\t\n\t\t\t\t\n\t\t\t\t\n\t\t\t\t\n\t\t\t<\/div>\n\t\t\t\t\n\t\t\t\t\n\t\t\t<\/div><\/p>\n","protected":false},"author":1,"featured_media":0,"parent":660,"menu_order":0,"comment_status":"closed","ping_status":"closed","template":"","meta":{"_et_pb_use_builder":"on","_et_pb_old_content":"","_et_gb_content_width":"","footnotes":""},"class_list":["post-666","page","type-page","status-publish","hentry"],"_links":{"self":[{"href":"https:\/\/drbronner.pl\/index.php\/wp-json\/wp\/v2\/pages\/666","targetHints":{"allow":["GET"]}}],"collection":[{"href":"https:\/\/drbronner.pl\/index.php\/wp-json\/wp\/v2\/pages"}],"about":[{"href":"https:\/\/drbronner.pl\/index.php\/wp-json\/wp\/v2\/types\/page"}],"author":[{"embeddable":true,"href":"https:\/\/drbronner.pl\/index.php\/wp-json\/wp\/v2\/users\/1"}],"replies":[{"embeddable":true,"href":"https:\/\/drbronner.pl\/index.php\/wp-json\/wp\/v2\/comments?post=666"}],"version-history":[{"count":30,"href":"https:\/\/drbronner.pl\/index.php\/wp-json\/wp\/v2\/pages\/666\/revisions"}],"predecessor-version":[{"id":4360,"href":"https:\/\/drbronner.pl\/index.php\/wp-json\/wp\/v2\/pages\/666\/revisions\/4360"}],"up":[{"embeddable":true,"href":"https:\/\/drbronner.pl\/index.php\/wp-json\/wp\/v2\/pages\/660"}],"wp:attachment":[{"href":"https:\/\/drbronner.pl\/index.php\/wp-json\/wp\/v2\/media?parent=666"}],"curies":[{"name":"wp","href":"https:\/\/api.w.org\/{rel}","templated":true}]}}