{"id":6,"date":"2022-06-13T07:03:28","date_gmt":"2022-06-13T07:03:28","guid":{"rendered":"http:\/\/drbronner.pl\/?page_id=6"},"modified":"2026-02-27T13:09:23","modified_gmt":"2026-02-27T13:09:23","slug":"home","status":"publish","type":"page","link":"https:\/\/drbronner.pl\/","title":{"rendered":"HOME"},"content":{"rendered":"<p>[et_pb_section fb_built=&#8221;1&#8243; _builder_version=&#8221;4.27.6&#8243; _module_preset=&#8221;default&#8221; hover_enabled=&#8221;0&#8243; global_module=&#8221;518&#8243; saved_tabs=&#8221;all&#8221; global_colors_info=&#8221;{}&#8221; sticky_enabled=&#8221;0&#8243; admin_label=&#8221;Sekcja&#8221;][et_pb_row column_structure=&#8221;3_4,1_4&#8243; use_custom_gutter=&#8221;on&#8221; gutter_width=&#8221;1&#8243; make_equal=&#8221;on&#8221; disabled_on=&#8221;on|off|off&#8221; _builder_version=&#8221;4.19.2&#8243; _module_preset=&#8221;default&#8221; background_color=&#8221;rgba(15,32,70,0)&#8221; width=&#8221;100%&#8221; max_width=&#8221;2560px&#8221; module_alignment=&#8221;right&#8221; height=&#8221;60px&#8221; custom_margin=&#8221;0px||0px||false|false&#8221; custom_padding=&#8221;0px||0px||true|false&#8221; global_colors_info=&#8221;{}&#8221;][et_pb_column type=&#8221;3_4&#8243; _builder_version=&#8221;4.18.0&#8243; _module_preset=&#8221;default&#8221; custom_padding=&#8221;|0px|||false|false&#8221; custom_css_main_element=&#8221;width:85vw !important;||&#8221; global_colors_info=&#8221;{}&#8221;][et_pb_menu active_link_color=&#8221;#fefefe&#8221; logo_url=&#8221;https:\/\/drbronner.pl\/&#8221; logo_width=&#8221;9em&#8221; disabled_on=&#8221;off|off|on&#8221; module_class=&#8221;menu-main&#8221; _builder_version=&#8221;4.27.6&#8243; _module_preset=&#8221;default&#8221; menu_font=&#8221;Benton Compressed &#8211; bold|||on|||||&#8221; menu_text_color=&#8221;#fefefe&#8221; menu_font_size=&#8221;16px&#8221; menu_letter_spacing=&#8221;3px&#8221; menu_line_height=&#8221;0em&#8221; background_color=&#8221;rgba(255,255,255,0)&#8221; text_orientation=&#8221;right&#8221; width=&#8221;100%&#8221; module_alignment=&#8221;right&#8221; height=&#8221;60px&#8221; custom_margin=&#8221;0px|0px|0px||false|false&#8221; custom_padding=&#8221;0%||0px|5%|false|false&#8221; hover_enabled=&#8221;0&#8243; custom_css_main_element=&#8221;float:right;&#8221; custom_css_menu_logo=&#8221;margin-top:-20px;&#8221; global_colors_info=&#8221;{}&#8221; menu_text_color__hover_enabled=&#8221;on|hover&#8221; menu_text_color__hover=&#8221;#6e9bbf&#8221; title_text=&#8221;drbronners-logo-horiz_LR&#8221; logo=&#8221;https:\/\/drbronner.pl\/wp-content\/uploads\/2026\/02\/drbronners-logo-horiz_LR.jpg&#8221; menu_id=&#8221;10&#8243; sticky_enabled=&#8221;0&#8243;][\/et_pb_menu][\/et_pb_column][et_pb_column type=&#8221;1_4&#8243; _builder_version=&#8221;4.18.0&#8243; _module_preset=&#8221;default&#8221; custom_padding=&#8221;|50px|||false|false&#8221; custom_css_main_element=&#8221;width:15vw !important;&#8221; global_colors_info=&#8221;{}&#8221;][et_pb_blurb use_icon=&#8221;on&#8221; font_icon=&#8221;&#xf16d;||fa||400&#8243; icon_color=&#8221;#FFFFFF&#8221; icon_placement=&#8221;left&#8221; image_icon_width=&#8221;24px&#8221; disabled_on=&#8221;on|off|off&#8221; admin_label=&#8221;IG&#8221; _builder_version=&#8221;4.19.2&#8243; _module_preset=&#8221;default&#8221; background_color=&#8221;#00358e&#8221; width=&#8221;50px&#8221; height=&#8221;100%&#8221; custom_margin=&#8221;0px|0px|0px|5px|false|false&#8221; custom_padding=&#8221;18px||20px|15px|false|false&#8221; link_option_url=&#8221;https:\/\/www.instagram.com\/drbronnerspoland\/&#8221; custom_css_main_element=&#8221;float:right;&#8221; global_colors_info=&#8221;{}&#8221;][\/et_pb_blurb][et_pb_blurb use_icon=&#8221;on&#8221; font_icon=&#8221;&#xe07a;||divi||400&#8243; icon_color=&#8221;#FFFFFF&#8221; icon_placement=&#8221;left&#8221; image_icon_width=&#8221;24px&#8221; disabled_on=&#8221;on|off|off&#8221; _builder_version=&#8221;4.19.2&#8243; _module_preset=&#8221;default&#8221; background_color=&#8221;#00358e&#8221; width=&#8221;50px&#8221; height=&#8221;100%&#8221; custom_margin=&#8221;0px|0px|0px|0px|false|false&#8221; custom_padding=&#8221;18px||20px|15px|false|false&#8221; link_option_url=&#8221;https:\/\/drbronner24.pl\/&#8221; custom_css_main_element=&#8221;float:right;&#8221; global_colors_info=&#8221;{}&#8221;][\/et_pb_blurb][\/et_pb_column][\/et_pb_row][et_pb_row use_custom_gutter=&#8221;on&#8221; gutter_width=&#8221;1&#8243; make_equal=&#8221;on&#8221; disabled_on=&#8221;off|on|on&#8221; _builder_version=&#8221;4.19.2&#8243; _module_preset=&#8221;default&#8221; background_color=&#8221;rgba(15,32,70,0)&#8221; width=&#8221;100%&#8221; max_width=&#8221;2560px&#8221; module_alignment=&#8221;center&#8221; custom_margin=&#8221;0px||0px||false|false&#8221; custom_padding=&#8221;0px||0px||true|false&#8221; global_colors_info=&#8221;{}&#8221;][et_pb_column type=&#8221;4_4&#8243; _builder_version=&#8221;4.18.0&#8243; _module_preset=&#8221;default&#8221; custom_padding=&#8221;|0px|||false|false&#8221; custom_css_main_element=&#8221;width:85vw !important;||&#8221; global_colors_info=&#8221;{}&#8221;][et_pb_menu active_link_color=&#8221;#fefefe&#8221; dropdown_menu_bg_color=&#8221;#0f2046&#8243; dropdown_menu_line_color=&#8221;#FFFFFF&#8221; dropdown_menu_text_color=&#8221;#FFFFFF&#8221; dropdown_menu_active_link_color=&#8221;#FFFFFF&#8221; mobile_menu_bg_color=&#8221;#0f2046&#8243; logo=&#8221;https:\/\/drbronner.pl\/wp-content\/uploads\/2022\/06\/poziom-wh.svg&#8221; logo_url=&#8221;https:\/\/drbronner.pl\/&#8221; logo_width=&#8221;8em&#8221; _builder_version=&#8221;4.19.2&#8243; _module_preset=&#8221;default&#8221; menu_font=&#8221;Benton Compressed &#8211; bold|||on|||||&#8221; menu_text_color=&#8221;#fefefe&#8221; menu_font_size=&#8221;16px&#8221; menu_letter_spacing=&#8221;3px&#8221; menu_line_height=&#8221;0em&#8221; background_color=&#8221;rgba(255,255,255,0)&#8221; text_orientation=&#8221;right&#8221; width=&#8221;100%&#8221; module_alignment=&#8221;center&#8221; height=&#8221;60px&#8221; custom_padding=&#8221;||20px||false|false&#8221; custom_css_dropdown_links=&#8221;height:50px !important;&#8221; custom_css_menu_logo=&#8221;margin-top:10px;||margin-left:10px;&#8221; global_colors_info=&#8221;{}&#8221; menu_text_color__hover_enabled=&#8221;on|hover&#8221; menu_text_color__hover=&#8221;#6e9bbf&#8221;][\/et_pb_menu][\/et_pb_column][\/et_pb_row][\/et_pb_section][et_pb_section fb_built=&#8221;1&#8243; _builder_version=&#8221;4.27.6&#8243; _module_preset=&#8221;default&#8221; background_color=&#8221;rgba(0,0,0,0.27)&#8221; background_image=&#8221;https:\/\/drbronner.pl\/wp-content\/uploads\/2023\/01\/bronner-video-converter.com-1-1.mp4&#8243; background_position=&#8221;top_center&#8221; background_blend=&#8221;overlay&#8221; background_video_mp4=&#8221;https:\/\/drbronner.pl\/wp-content\/uploads\/2023\/01\/bronner.webm&#8221; custom_padding=&#8221;30vh||30vh||true|false&#8221; hover_enabled=&#8221;0&#8243; global_colors_info=&#8221;{}&#8221; admin_label=&#8221;Sekcja&#8221; sticky_enabled=&#8221;0&#8243;][et_pb_row _builder_version=&#8221;4.18.0&#8243; _module_preset=&#8221;default&#8221; custom_padding=&#8221;0vh||0vh||false|false&#8221; global_colors_info=&#8221;{}&#8221;][et_pb_column type=&#8221;4_4&#8243; _builder_version=&#8221;4.17.4&#8243; _module_preset=&#8221;default&#8221; global_colors_info=&#8221;{}&#8221;][et_pb_text _builder_version=&#8221;4.19.2&#8243; _module_preset=&#8221;default&#8221; text_font=&#8221;Benton Sans Comp Reg|600||on|||||&#8221; text_text_color=&#8221;#FFFFFF&#8221; text_font_size=&#8221;24px&#8221; text_letter_spacing=&#8221;2px&#8221; text_line_height=&#8221;1.4em&#8221; header_font=&#8221;Benton Compressed &#8211; bold||||||||&#8221; header_text_align=&#8221;center&#8221; header_text_color=&#8221;#FFFFFF&#8221; header_font_size=&#8221;68px&#8221; header_letter_spacing=&#8221;1px&#8221; header_line_height=&#8221;1.5em&#8221; text_orientation=&#8221;center&#8221; max_width=&#8221;50%&#8221; max_width_tablet=&#8221;50%&#8221; max_width_phone=&#8221;100%&#8221; max_width_last_edited=&#8221;on|phone&#8221; module_alignment=&#8221;center&#8221; global_colors_info=&#8221;{}&#8221;]<\/p>\n<h1>18 &#8211; W &#8211; 1<\/h1>\n<p>ORYGINALNE MYD\u0141O ALL-ONE PRODUKT DO MYCIA CIA\u0141A I W\u0141OS\u00d3W, CZYSZCZENIA POWIERZCHNI, PRANIA, A TAK\u017bE K\u0104PIELI ZWIERZ\u0104T<\/p>\n<p>[\/et_pb_text][\/et_pb_column][\/et_pb_row][\/et_pb_section][et_pb_section fb_built=&#8221;1&#8243; _builder_version=&#8221;4.27.6&#8243; _module_preset=&#8221;default&#8221; custom_padding=&#8221;||8px|||&#8221; hover_enabled=&#8221;0&#8243; global_colors_info=&#8221;{}&#8221; sticky_enabled=&#8221;0&#8243;][et_pb_row _builder_version=&#8221;4.18.0&#8243; _module_preset=&#8221;default&#8221; global_colors_info=&#8221;{}&#8221;][et_pb_column type=&#8221;4_4&#8243; _builder_version=&#8221;4.18.0&#8243; _module_preset=&#8221;default&#8221; global_colors_info=&#8221;{}&#8221;][et_pb_text _builder_version=&#8221;4.18.0&#8243; _module_preset=&#8221;default&#8221; header_2_font=&#8221;Benton Compressed &#8211; bold|||on|||||&#8221; header_2_text_align=&#8221;center&#8221; header_2_text_color=&#8221;#00358e&#8221; header_2_font_size=&#8221;36px&#8221; header_2_letter_spacing=&#8221;0.04em&#8221; global_colors_info=&#8221;{}&#8221;]<\/p>\n<h2>Polecane produkty<\/h2>\n<p>[\/et_pb_text][et_pb_code _builder_version=&#8221;4.18.0&#8243; _module_preset=&#8221;default&#8221; global_colors_info=&#8221;{}&#8221;][\/et_pb_code][\/et_pb_column][\/et_pb_row][et_pb_row column_structure=&#8221;1_4,1_4,1_4,1_4&#8243; _builder_version=&#8221;4.16&#8243; background_size=&#8221;initial&#8221; background_position=&#8221;top_left&#8221; background_repeat=&#8221;repeat&#8221; global_colors_info=&#8221;{}&#8221;][et_pb_column type=&#8221;1_4&#8243; _builder_version=&#8221;4.18.0&#8243; _module_preset=&#8221;default&#8221; global_colors_info=&#8221;{}&#8221;][et_pb_blurb title=&#8221;Kastylijskie myd\u0142o w p\u0142ynie&#8221; image=&#8221;https:\/\/drbronner.pl\/wp-content\/uploads\/2022\/10\/US-LiquidSoap-32oz-Peppermint-600_medium.webp&#8221; module_class=&#8221;notka-sklep&#8221; _builder_version=&#8221;4.19.0&#8243; _module_preset=&#8221;default&#8221; link_option_url=&#8221;https:\/\/drbronner.pl\/index.php\/produkty\/mydla-i-odkazniki\/kastylijskie-mydlo-w-plynie\/&#8221; global_colors_info=&#8221;{}&#8221;]<\/p>\n<p>18 w 1! Myd\u0142o idealne do rozcie\u0144czenia z wod\u0105.<\/p>\n<p>[\/et_pb_blurb][\/et_pb_column][et_pb_column type=&#8221;1_4&#8243; _builder_version=&#8221;4.18.0&#8243; _module_preset=&#8221;default&#8221; global_colors_info=&#8221;{}&#8221;][et_pb_blurb title=&#8221;Kastylijskie myd\u0142o w kostce &#8221; image=&#8221;https:\/\/drbronner.pl\/wp-content\/uploads\/2022\/10\/pure-castile-bar-soap.jpg&#8221; module_class=&#8221;notka-sklep&#8221; _builder_version=&#8221;4.19.2&#8243; _module_preset=&#8221;default&#8221; header_font=&#8221;Benton Sans Medium||||||||&#8221; link_option_url=&#8221;https:\/\/drbronner.pl\/index.php\/produkty\/mydla-i-odkazniki\/kastylijskie-mydlo-w-kostce\/&#8221; global_colors_info=&#8221;{}&#8221;]<\/p>\n<p>Delikatne! Wydajne! \u0141agodne dla sk\u00f3ry! Jeden produkt &#8211; wiele korzy\u015bci!<\/p>\n<p>[\/et_pb_blurb][\/et_pb_column][et_pb_column type=&#8221;1_4&#8243; _builder_version=&#8221;4.18.0&#8243; _module_preset=&#8221;default&#8221; global_colors_info=&#8221;{}&#8221;][et_pb_blurb title=&#8221;Naturalne myd\u0142o cukrowe w p\u0142ynie&#8221; image=&#8221;https:\/\/drbronner.pl\/wp-content\/uploads\/2022\/10\/organic-sugar-soaps.jpg&#8221; module_class=&#8221;notka-sklep&#8221; _builder_version=&#8221;4.19.0&#8243; _module_preset=&#8221;default&#8221; link_option_url=&#8221;https:\/\/drbronner.pl\/index.php\/produkty\/mydla-i-odkazniki\/mydlo_cukrowe\/&#8221; global_module=&#8221;3007&#8243; global_colors_info=&#8221;{}&#8221;]<\/p>\n<p>Bezpieczne dla cia\u0142a i planety! Produkt posiada  pompk\u0119.<\/p>\n<p>[\/et_pb_blurb][\/et_pb_column][et_pb_column type=&#8221;1_4&#8243; _builder_version=&#8221;4.18.0&#8243; _module_preset=&#8221;default&#8221; global_colors_info=&#8221;{}&#8221;][et_pb_blurb title=&#8221;Mi\u0119towa pasta do z\u0119b\u00f3w ALL-ONE&#8221; image=&#8221;https:\/\/drbronner.pl\/wp-content\/uploads\/2022\/10\/peppermint-all-one-toothpaste.png&#8221; module_class=&#8221;notka-sklep&#8221; _builder_version=&#8221;4.19.0&#8243; _module_preset=&#8221;default&#8221; header_font=&#8221;Benton Compressed &#8211; bold||||||||&#8221; link_option_url=&#8221;https:\/\/drbronner.pl\/index.php\/mietowa-pasta-do-zebow-all-one\/&#8221; global_module=&#8221;2790&#8243; global_colors_info=&#8221;{}&#8221;]<\/p>\n<p>Myj sk\u0142adnikami, kt\u00f3rym ufasz.<\/p>\n<p>[\/et_pb_blurb][\/et_pb_column][\/et_pb_row][\/et_pb_section][et_pb_section fb_built=&#8221;1&#8243; _builder_version=&#8221;4.19.2&#8243; _module_preset=&#8221;default&#8221; background_image=&#8221;https:\/\/drbronner.pl\/wp-content\/uploads\/2022\/12\/share-gifts-background-v1-1.jpg&#8221; custom_padding=&#8221;10vh||10vh||true|false&#8221; global_colors_info=&#8221;{}&#8221; admin_label=&#8221;Sekcja&#8221;][et_pb_row column_structure=&#8221;1_2,1_2&#8243; _builder_version=&#8221;4.18.0&#8243; _module_preset=&#8221;default&#8221; global_colors_info=&#8221;{}&#8221;][et_pb_column type=&#8221;1_2&#8243; _builder_version=&#8221;4.18.0&#8243; _module_preset=&#8221;default&#8221; global_colors_info=&#8221;{}&#8221;][et_pb_text _builder_version=&#8221;4.19.2&#8243; _module_preset=&#8221;default&#8221; header_2_font=&#8221;Benton Compressed &#8211; bold|700||on|||||&#8221; header_2_text_align=&#8221;center&#8221; header_2_text_color=&#8221;#FFFFFF&#8221; header_2_font_size=&#8221;80px&#8221; header_2_letter_spacing=&#8221;0.04em&#8221; header_3_font=&#8221;Benton Compressed &#8211; bold|700||on|||||&#8221; header_3_text_align=&#8221;center&#8221; header_3_text_color=&#8221;#FFFFFF&#8221; header_3_font_size=&#8221;20px&#8221; header_3_letter_spacing=&#8221;1.29px&#8221; header_3_line_height=&#8221;24px&#8221; custom_margin=&#8221;15vh||||false|false&#8221; header_2_font_size_tablet=&#8221;80px&#8221; header_2_font_size_phone=&#8221;54px&#8221; header_2_font_size_last_edited=&#8221;on|phone&#8221; global_colors_info=&#8221;{}&#8221;]<\/p>\n<h2>Podziel si\u0119 darami ziemi<\/h2>\n<h3>Produkty Dr. Bronner&#8217;s idealne na prezent<\/h3>\n<p>[\/et_pb_text][et_pb_button button_url=&#8221;https:\/\/drbronner24.pl\/&#8221; button_text=&#8221;SKlep&#8221; button_alignment=&#8221;center&#8221; _builder_version=&#8221;4.19.2&#8243; _module_preset=&#8221;default&#8221; custom_button=&#8221;on&#8221; button_text_size=&#8221;22px&#8221; button_text_color=&#8221;#ffffff&#8221; button_border_width=&#8221;0px&#8221; button_border_radius=&#8221;0px&#8221; button_letter_spacing=&#8221;2px&#8221; button_font=&#8221;Benton Compressed &#8211; bold|||on|||||&#8221; button_icon=&#8221;&#x24;||divi||400&#8243; button_on_hover=&#8221;off&#8221; custom_margin=&#8221;0px||||false|false&#8221; global_colors_info=&#8221;{}&#8221; button_text_size__hover_enabled=&#8221;on|hover&#8221; button_text_size__hover=&#8221;26px&#8221;][\/et_pb_button][\/et_pb_column][et_pb_column type=&#8221;1_2&#8243; _builder_version=&#8221;4.18.0&#8243; _module_preset=&#8221;default&#8221; global_colors_info=&#8221;{}&#8221;][et_pb_image src=&#8221;https:\/\/drbronner.pl\/wp-content\/uploads\/2022\/12\/share-gifts-collage-v1_1500x.webp&#8221; title_text=&#8221;share-gifts-collage-v1_1500x&#8221; _builder_version=&#8221;4.19.2&#8243; _module_preset=&#8221;default&#8221; transform_scale=&#8221;120%|120%&#8221; global_colors_info=&#8221;{}&#8221;][\/et_pb_image][\/et_pb_column][\/et_pb_row][\/et_pb_section][et_pb_section fb_built=&#8221;1&#8243; _builder_version=&#8221;4.18.0&#8243; _module_preset=&#8221;default&#8221; global_colors_info=&#8221;{}&#8221; admin_label=&#8221;Sekcja&#8221;][et_pb_row _builder_version=&#8221;4.18.0&#8243; _module_preset=&#8221;default&#8221; global_colors_info=&#8221;{}&#8221;][et_pb_column type=&#8221;4_4&#8243; _builder_version=&#8221;4.18.0&#8243; _module_preset=&#8221;default&#8221; global_colors_info=&#8221;{}&#8221;][et_pb_text _builder_version=&#8221;4.18.0&#8243; _module_preset=&#8221;default&#8221; header_2_font=&#8221;Benton Compressed &#8211; bold|||on|||||&#8221; header_2_text_align=&#8221;center&#8221; header_2_text_color=&#8221;#00358e&#8221; header_2_font_size=&#8221;36px&#8221; header_2_letter_spacing=&#8221;0.04em&#8221; global_colors_info=&#8221;{}&#8221;]<\/p>\n<h2>Najnowsze wpisy<\/h2>\n<p>[\/et_pb_text][et_pb_blog fullwidth=&#8221;off&#8221; posts_number=&#8221;3&#8243; include_categories=&#8221;14&#8243; show_more=&#8221;on&#8221; show_author=&#8221;off&#8221; show_date=&#8221;off&#8221; show_categories=&#8221;off&#8221; show_excerpt=&#8221;off&#8221; module_class=&#8221;najnowsze_wpisy&#8221; _builder_version=&#8221;4.19.0&#8243; _module_preset=&#8221;default&#8221; header_font=&#8221;Benton Compressed &#8211; bold|||on|||||&#8221; header_text_color=&#8221;#00358e&#8221; header_font_size=&#8221;24px&#8221; header_letter_spacing=&#8221;1px&#8221; header_line_height=&#8221;1.4em&#8221; body_font=&#8221;Benton Sans Medium|||on|||||&#8221; body_text_align=&#8221;center&#8221; body_text_color=&#8221;#00358e&#8221; custom_css_title=&#8221;padding:20px;||||padding-right:35%;||background-color:#f8f8f8;||height:250px !important;||margin-bottom:0px;||&#8221; custom_css_content=&#8221;position:absolute;||bottom:20px;||left:30%;||||||&#8221; custom_css_featured_image=&#8221;transform: scale(1.0);&#8221; border_radii=&#8221;on|12px|12px|12px|12px&#8221; global_colors_info=&#8221;{}&#8221; header_text_color__hover_enabled=&#8221;on|hover&#8221; header_text_color__hover=&#8221;#FFFFFF&#8221; custom_css_title__hover_enabled=&#8221;on|hover&#8221; custom_css_title__hover=&#8221;background-color:#00358e;&#8221; custom_css_content__hover_enabled=&#8221;on|hover&#8221; custom_css_content__hover=&#8221;color:white !important;&#8221; custom_css_featured_image__hover_enabled=&#8221;off|hover&#8221;][\/et_pb_blog][\/et_pb_column][\/et_pb_row][\/et_pb_section][et_pb_section fb_built=&#8221;1&#8243; _builder_version=&#8221;4.19.2&#8243; _module_preset=&#8221;default&#8221; background_image=&#8221;https:\/\/drbronner.pl\/wp-content\/uploads\/2022\/12\/ezgif.com-gif-maker-7.gif&#8221; custom_padding=&#8221;10vh||10vh||false|false&#8221; global_colors_info=&#8221;{}&#8221; admin_label=&#8221;Sekcja&#8221;][et_pb_row column_structure=&#8221;1_2,1_2&#8243; _builder_version=&#8221;4.18.0&#8243; _module_preset=&#8221;default&#8221; width=&#8221;70%&#8221; max_width=&#8221;2560px&#8221; global_colors_info=&#8221;{}&#8221;][et_pb_column type=&#8221;1_2&#8243; _builder_version=&#8221;4.18.0&#8243; _module_preset=&#8221;default&#8221; global_colors_info=&#8221;{}&#8221;][et_pb_image src=&#8221;https:\/\/drbronner.pl\/wp-content\/uploads\/2022\/10\/collage-cosmicprinciples-1500x1800_1500x-1.webp&#8221; title_text=&#8221;collage-cosmicprinciples-1500x1800_1500x (1)&#8221; align=&#8221;center&#8221; _builder_version=&#8221;4.18.0&#8243; _module_preset=&#8221;default&#8221; max_width=&#8221;80%&#8221; global_colors_info=&#8221;{}&#8221;][\/et_pb_image][\/et_pb_column][et_pb_column type=&#8221;1_2&#8243; _builder_version=&#8221;4.18.0&#8243; _module_preset=&#8221;default&#8221; global_colors_info=&#8221;{}&#8221;][et_pb_text _builder_version=&#8221;4.19.2&#8243; _module_preset=&#8221;default&#8221; header_2_font=&#8221;Benton Compressed &#8211; bold|700|||||||&#8221; header_2_text_align=&#8221;center&#8221; header_2_text_color=&#8221;#FFFFFF&#8221; header_2_font_size=&#8221;80px&#8221; header_2_letter_spacing=&#8221;0.04em&#8221; header_3_font=&#8221;Benton Compressed &#8211; bold|700||on|||||&#8221; header_3_text_align=&#8221;center&#8221; header_3_text_color=&#8221;#FFFFFF&#8221; header_3_font_size=&#8221;18px&#8221; header_3_letter_spacing=&#8221;1.25px&#8221; header_3_line_height=&#8221;24px&#8221; custom_margin=&#8221;20vh||5px||false|false&#8221; header_2_font_size_tablet=&#8221;80px&#8221; header_2_font_size_phone=&#8221;54px&#8221; header_2_font_size_last_edited=&#8221;on|phone&#8221; global_colors_info=&#8221;{}&#8221;]<\/p>\n<h2>NASZE KOSMICZNE ZASADY<\/h2>\n<h3>wskazuj\u0105 drog\u0119 we wszystkim, co robimy \u2013 od produkcji myde\u0142 do dzia\u0142a\u0144 na rzecz pokoju<\/h3>\n<p>[\/et_pb_text][et_pb_button button_url=&#8221;https:\/\/drbronner.pl\/index.php\/about\/&#8221; button_text=&#8221;dowiedz si\u0119 wi\u0119cej&#8221; button_alignment=&#8221;center&#8221; _builder_version=&#8221;4.18.0&#8243; _module_preset=&#8221;default&#8221; custom_button=&#8221;on&#8221; button_text_size=&#8221;22px&#8221; button_text_color=&#8221;#ffffff&#8221; button_border_width=&#8221;0px&#8221; button_border_radius=&#8221;0px&#8221; button_letter_spacing=&#8221;2px&#8221; button_font=&#8221;Benton Compressed &#8211; bold|||on|||||&#8221; button_icon=&#8221;&#x24;||divi||400&#8243; button_on_hover=&#8221;off&#8221; custom_margin=&#8221;0px||||false|false&#8221; global_colors_info=&#8221;{}&#8221; button_text_size__hover_enabled=&#8221;on|hover&#8221; button_text_size__hover=&#8221;26px&#8221;][\/et_pb_button][\/et_pb_column][\/et_pb_row][\/et_pb_section][et_pb_section fb_built=&#8221;1&#8243; _builder_version=&#8221;4.18.0&#8243; _module_preset=&#8221;default&#8221; global_colors_info=&#8221;{}&#8221; admin_label=&#8221;Sekcja&#8221;][et_pb_row _builder_version=&#8221;4.18.0&#8243; _module_preset=&#8221;default&#8221; max_width=&#8221;2560px&#8221; global_colors_info=&#8221;{}&#8221;][et_pb_column type=&#8221;4_4&#8243; _builder_version=&#8221;4.18.0&#8243; _module_preset=&#8221;default&#8221; global_colors_info=&#8221;{}&#8221;][et_pb_text _builder_version=&#8221;4.18.0&#8243; _module_preset=&#8221;default&#8221; header_2_font=&#8221;Benton Compressed &#8211; bold|||on|||||&#8221; header_2_text_align=&#8221;center&#8221; header_2_text_color=&#8221;#00358e&#8221; header_2_font_size=&#8221;36px&#8221; header_2_letter_spacing=&#8221;0.04em&#8221; global_colors_info=&#8221;{}&#8221;]<\/p>\n<h2>nasze produkty<\/h2>\n<p>[\/et_pb_text][et_pb_tabs active_tab_background_color=&#8221;#00358e&#8221; active_tab_text_color=&#8221;#FFFFFF&#8221; module_id=&#8221;zakladki&#8221; _builder_version=&#8221;4.18.1&#8243; _module_preset=&#8221;default&#8221; tab_font=&#8221;Benton Compressed &#8211; bold||||||||&#8221; tab_font_size=&#8221;17px&#8221; tab_letter_spacing=&#8221;0.04em&#8221; tab_line_height=&#8221;1.2em&#8221; background_enable_color=&#8221;off&#8221; module_alignment=&#8221;center&#8221; custom_margin=&#8221;||||false|false&#8221; custom_padding=&#8221;||||false|false&#8221; border_width_all=&#8221;0px&#8221; global_colors_info=&#8221;{}&#8221;][et_pb_tab title=&#8221;MYD\u0141A&#8221; _builder_version=&#8221;4.18.1&#8243; _module_preset=&#8221;default&#8221; tab_font_size=&#8221;14px&#8221; tab_letter_spacing=&#8221;0.1em&#8221; tab_line_height=&#8221;1.1em&#8221; custom_padding=&#8221;||||false|true&#8221; global_colors_info=&#8221;{}&#8221;]<\/p>\n[et_pb_section global_module=\"158\"][\/et_pb_section]\n<p>[\/et_pb_tab][et_pb_tab title=&#8221;BALSAMY KOSMETYCZNE&#8221; _builder_version=&#8221;4.18.0&#8243; _module_preset=&#8221;default&#8221; tab_font_size=&#8221;14px&#8221; tab_letter_spacing=&#8221;0.1em&#8221; tab_line_height=&#8221;1.1em&#8221; custom_padding=&#8221;||||false|true&#8221; global_colors_info=&#8221;{}&#8221;]<\/p>\n[et_pb_section global_module=\"157\"][\/et_pb_section]\n<p>[\/et_pb_tab][et_pb_tab title=&#8221;PASTA DO Z\u0118B\u00d3W&#8221; _builder_version=&#8221;4.18.0&#8243; _module_preset=&#8221;default&#8221; tab_font_size=&#8221;14px&#8221; tab_letter_spacing=&#8221;0.1em&#8221; tab_line_height=&#8221;1.1em&#8221; custom_padding=&#8221;||||false|true&#8221; global_colors_info=&#8221;{}&#8221;]<\/p>\n[et_pb_section global_module=\"146\"][\/et_pb_section]\n<p>[\/et_pb_tab][\/et_pb_tabs][\/et_pb_column][\/et_pb_row][\/et_pb_section][et_pb_section fb_built=&#8221;1&#8243; _builder_version=&#8221;4.19.2&#8243; _module_preset=&#8221;default&#8221; background_image=&#8221;https:\/\/drbronner.pl\/wp-content\/uploads\/2022\/11\/footer-earth-space__mobile-1.jpg&#8221; custom_padding=&#8221;50px||30px||false|false&#8221; global_module=&#8221;1137&#8243; saved_tabs=&#8221;all&#8221; global_colors_info=&#8221;{}&#8221; admin_label=&#8221;Sekcja&#8221;][et_pb_row _builder_version=&#8221;4.19.2&#8243; _module_preset=&#8221;default&#8221; width=&#8221;60%&#8221; max_width=&#8221;2560px&#8221; global_colors_info=&#8221;{}&#8221;][et_pb_column type=&#8221;4_4&#8243; _builder_version=&#8221;4.18.1&#8243; _module_preset=&#8221;default&#8221; global_colors_info=&#8221;{}&#8221;][et_pb_text _builder_version=&#8221;4.19.4&#8243; _module_preset=&#8221;default&#8221; text_font_size=&#8221;1px&#8221; link_font=&#8221;Benton Compressed &#8211; bold||||||||&#8221; link_text_color=&#8221;#FFFFFF&#8221; link_font_size=&#8221;16px&#8221; link_letter_spacing=&#8221;1px&#8221; header_3_font=&#8221;Benton Compressed &#8211; bold||||||||&#8221; header_3_font_size=&#8221;21px&#8221; text_orientation=&#8221;center&#8221; background_layout=&#8221;dark&#8221; link_text_shadow_style=&#8221;preset2&#8243; global_colors_info=&#8221;{}&#8221; link_text_color__hover_enabled=&#8221;on|desktop&#8221; link_text_color__hover=&#8221;#8b99af&#8221;]<\/p>\n<h3>Dr. Bronner&#8217;s Polska<\/h3>\n<p><a href=\"https:\/\/drbronner.pl\/index.php\/about\/\">O nas<\/a><span class=\"separate\"> &#8211; <\/span><a href=\"https:\/\/drbronner.pl\/index.php\/kontakt\/\">Kontakt<\/a><span class=\"separate\"> &#8211;<\/span> <a href=\"https:\/\/drbronner.pl\/index.php\/blog\/\">Blog<\/a><span class=\"separate\"> &#8211;<\/span> <a href=\"https:\/\/drbronner24.pl\/\">Sklep<\/a>[\/et_pb_text][\/et_pb_column][\/et_pb_row][\/et_pb_section]<\/p>\n","protected":false},"excerpt":{"rendered":"<p>18 &#8211; W &#8211; 1 ORYGINALNE MYD\u0141O ALL-ONE PRODUKT DO MYCIA CIA\u0141A I W\u0141OS\u00d3W, CZYSZCZENIA POWIERZCHNI, PRANIA, A TAK\u017bE K\u0104PIELI ZWIERZ\u0104TPolecane produkty18 w 1! Myd\u0142o idealne do rozcie\u0144czenia z wod\u0105.Delikatne! Wydajne! \u0141agodne dla sk\u00f3ry! Jeden produkt &#8211; wiele korzy\u015bci!Bezpieczne dla cia\u0142a i planety! Produkt posiada pompk\u0119. Myj sk\u0142adnikami, kt\u00f3rym ufasz. Podziel si\u0119 darami ziemi Produkty [&hellip;]<\/p>\n","protected":false},"author":1,"featured_media":0,"parent":0,"menu_order":0,"comment_status":"closed","ping_status":"closed","template":"","meta":{"_et_pb_use_builder":"on","_et_pb_old_content":"","_et_gb_content_width":"","footnotes":""},"class_list":["post-6","page","type-page","status-publish","hentry"],"_links":{"self":[{"href":"https:\/\/drbronner.pl\/index.php\/wp-json\/wp\/v2\/pages\/6","targetHints":{"allow":["GET"]}}],"collection":[{"href":"https:\/\/drbronner.pl\/index.php\/wp-json\/wp\/v2\/pages"}],"about":[{"href":"https:\/\/drbronner.pl\/index.php\/wp-json\/wp\/v2\/types\/page"}],"author":[{"embeddable":true,"href":"https:\/\/drbronner.pl\/index.php\/wp-json\/wp\/v2\/users\/1"}],"replies":[{"embeddable":true,"href":"https:\/\/drbronner.pl\/index.php\/wp-json\/wp\/v2\/comments?post=6"}],"version-history":[{"count":108,"href":"https:\/\/drbronner.pl\/index.php\/wp-json\/wp\/v2\/pages\/6\/revisions"}],"predecessor-version":[{"id":4705,"href":"https:\/\/drbronner.pl\/index.php\/wp-json\/wp\/v2\/pages\/6\/revisions\/4705"}],"wp:attachment":[{"href":"https:\/\/drbronner.pl\/index.php\/wp-json\/wp\/v2\/media?parent=6"}],"curies":[{"name":"wp","href":"https:\/\/api.w.org\/{rel}","templated":true}]}}