{"id":3804,"date":"2022-11-29T12:30:55","date_gmt":"2022-11-29T12:30:55","guid":{"rendered":"http:\/\/drbronner.pl\/?page_id=3804"},"modified":"2022-12-05T11:08:26","modified_gmt":"2022-12-05T11:08:26","slug":"konstruktywny-kapitalizm-aktywizm-i-dawanie","status":"publish","type":"page","link":"https:\/\/drbronner.pl\/index.php\/konstruktywny-kapitalizm-aktywizm-i-dawanie\/","title":{"rendered":"Konstruktywny kapitalizm, aktywizm i dawanie"},"content":{"rendered":"<p>[et_pb_section fb_built=&#8221;1&#8243; _builder_version=&#8221;4.18.1&#8243; _module_preset=&#8221;default&#8221; background_color=&#8221;#0f2046&#8243; custom_margin=&#8221;0px||0px||false|false&#8221; custom_padding=&#8221;0px||0px||false|false&#8221; sticky_position=&#8221;top&#8221; box_shadow_style=&#8221;preset1&#8243; global_module=&#8221;518&#8243; saved_tabs=&#8221;all&#8221; global_colors_info=&#8221;{}&#8221;][et_pb_row column_structure=&#8221;3_4,1_4&#8243; use_custom_gutter=&#8221;on&#8221; gutter_width=&#8221;1&#8243; make_equal=&#8221;on&#8221; _builder_version=&#8221;4.18.0&#8243; _module_preset=&#8221;default&#8221; background_color=&#8221;rgba(15,32,70,0)&#8221; width=&#8221;100%&#8221; max_width=&#8221;2560px&#8221; module_alignment=&#8221;right&#8221; height=&#8221;60px&#8221; custom_margin=&#8221;0px||0px||false|false&#8221; custom_padding=&#8221;0px||0px||true|false&#8221; global_colors_info=&#8221;{}&#8221;][et_pb_column type=&#8221;3_4&#8243; _builder_version=&#8221;4.18.0&#8243; _module_preset=&#8221;default&#8221; custom_padding=&#8221;|0px|||false|false&#8221; custom_css_main_element=&#8221;width:85vw !important;||&#8221; global_colors_info=&#8221;{}&#8221;][et_pb_menu active_link_color=&#8221;#fefefe&#8221; logo=&#8221;http:\/\/drbronner.pl\/wp-content\/uploads\/2022\/06\/poziom-wh.svg&#8221; logo_url=&#8221;http:\/\/drbronner.pl\/&#8221; logo_width=&#8221;10%&#8221; module_class=&#8221;menu-main&#8221; _builder_version=&#8221;4.19.0&#8243; _module_preset=&#8221;default&#8221; menu_font=&#8221;Benton Compressed &#8211; bold|||on|||||&#8221; menu_text_color=&#8221;#fefefe&#8221; menu_font_size=&#8221;16px&#8221; menu_letter_spacing=&#8221;3px&#8221; menu_line_height=&#8221;0em&#8221; background_color=&#8221;rgba(255,255,255,0)&#8221; text_orientation=&#8221;right&#8221; width=&#8221;100%&#8221; module_alignment=&#8221;right&#8221; height=&#8221;60px&#8221; custom_margin=&#8221;0px|0px|0px||false|false&#8221; custom_padding=&#8221;0%||0px|5%|false|false&#8221; custom_css_main_element=&#8221;float:right;&#8221; custom_css_menu_logo=&#8221;margin-top:-20px;&#8221; global_colors_info=&#8221;{}&#8221; menu_text_color__hover_enabled=&#8221;on|hover&#8221; menu_text_color__hover=&#8221;#6e9bbf&#8221;][\/et_pb_menu][\/et_pb_column][et_pb_column type=&#8221;1_4&#8243; _builder_version=&#8221;4.18.0&#8243; _module_preset=&#8221;default&#8221; custom_padding=&#8221;|50px|||false|false&#8221; custom_css_main_element=&#8221;width:15vw !important;&#8221; global_colors_info=&#8221;{}&#8221;][et_pb_blurb use_icon=&#8221;on&#8221; font_icon=&#8221;&#xf16d;||fa||400&#8243; icon_color=&#8221;#FFFFFF&#8221; icon_placement=&#8221;left&#8221; image_icon_width=&#8221;24px&#8221; admin_label=&#8221;IG&#8221; _builder_version=&#8221;4.19.0&#8243; _module_preset=&#8221;default&#8221; background_color=&#8221;#00358e&#8221; width=&#8221;50px&#8221; height=&#8221;100%&#8221; custom_margin=&#8221;0px|0px|0px|5px|false|false&#8221; custom_padding=&#8221;18px||20px|15px|false|false&#8221; link_option_url=&#8221;https:\/\/www.instagram.com\/drbronnerspoland\/&#8221; custom_css_main_element=&#8221;float:right;&#8221; global_colors_info=&#8221;{}&#8221;][\/et_pb_blurb][et_pb_blurb use_icon=&#8221;on&#8221; font_icon=&#8221;&#xe07a;||divi||400&#8243; icon_color=&#8221;#FFFFFF&#8221; icon_placement=&#8221;left&#8221; image_icon_width=&#8221;24px&#8221; _builder_version=&#8221;4.19.0&#8243; _module_preset=&#8221;default&#8221; background_color=&#8221;#00358e&#8221; width=&#8221;50px&#8221; height=&#8221;100%&#8221; custom_margin=&#8221;0px|0px|0px|0px|false|false&#8221; custom_padding=&#8221;18px||20px|15px|false|false&#8221; link_option_url=&#8221;https:\/\/drbronner24.pl\/&#8221; custom_css_main_element=&#8221;float:right;&#8221; global_colors_info=&#8221;{}&#8221;][\/et_pb_blurb][\/et_pb_column][\/et_pb_row][\/et_pb_section][et_pb_section fb_built=&#8221;1&#8243; _builder_version=&#8221;4.19.0&#8243; _module_preset=&#8221;default&#8221; background_image=&#8221;http:\/\/drbronner.pl\/wp-content\/uploads\/2022\/11\/hero-bronner-story-scaled.webp&#8221; height=&#8221;40vh&#8221; custom_margin=&#8221;0px||||false|false&#8221; custom_padding=&#8221;200px||250px||false|false&#8221; global_colors_info=&#8221;{}&#8221;][\/et_pb_section][et_pb_section fb_built=&#8221;1&#8243; _builder_version=&#8221;4.19.0&#8243; _module_preset=&#8221;default&#8221; custom_margin=&#8221;0px||||false|false&#8221; custom_padding=&#8221;50px|10%||10%|false|true&#8221; global_colors_info=&#8221;{}&#8221;][et_pb_row column_structure=&#8221;1_4,1_2,1_4&#8243; use_custom_gutter=&#8221;on&#8221; gutter_width=&#8221;2&#8243; _builder_version=&#8221;4.19.0&#8243; _module_preset=&#8221;default&#8221; max_width=&#8221;2560px&#8221; custom_padding=&#8221;0px||||false|false&#8221; global_colors_info=&#8221;{}&#8221;][et_pb_column type=&#8221;1_4&#8243; _builder_version=&#8221;4.19.0&#8243; _module_preset=&#8221;default&#8221; positioning=&#8221;none&#8221; position_origin_a=&#8221;top_right&#8221; position_origin_f=&#8221;top_right&#8221; custom_padding=&#8221;20px||||false|false&#8221; global_colors_info=&#8221;{}&#8221;][et_pb_code _builder_version=&#8221;4.19.0&#8243; _module_preset=&#8221;default&#8221; hover_enabled=&#8221;0&#8243; global_colors_info=&#8221;{}&#8221; sticky_enabled=&#8221;0&#8243;]<\/p>\n<ul id=\"left-menu1\" style=\"list-style-type: none;\"><!-- [et_pb_line_break_holder] -->  <\/p>\n<li class=\"numb_1\"><pee>    <!-- [et_pb_line_break_holder] -->   <a href=\"#1\"> <span class=\"number_menu1 number_menu\">1<\/span><span class=\"left-menu-tittle\">MY<\/span><\/a><!-- [et_pb_line_break_holder] --><!-- [et_pb_line_break_holder] --><a href=\"http:\/\/drbronner.pl\/index.php\/historia-dr-bronner\/\" class=\"ul_1\">Historia Dr. Bronner<\/a><!-- [et_pb_line_break_holder] --><a href=\"http:\/\/drbronner.pl\/index.php\/2022\/11\/09\/konstruktywny-kapitalizm\/\" class=\"ul_1\">Konstruktywny Kapitalizm<\/a><!-- [et_pb_line_break_holder] --><a href=\"http:\/\/drbronner.pl\/index.php\/2022\/11\/09\/wspominajac-wujka-ralpha\/\" class=\"ul_1\">Wspominaj\u0105c Wujka Ralpha<\/a><!-- [et_pb_line_break_holder] --><\/pee> <!-- [et_pb_line_break_holder] --><\/li>\n<p><!-- [et_pb_line_break_holder] -->  <\/p>\n<li class=\"numb_2\"><pee>    <!-- [et_pb_line_break_holder] -->   <a href=\"#2\"> <span class=\"number_menu2 number_menu\">2<\/span><span class=\"left-menu-tittle\">NASI KLIENCI<\/span><\/a><!-- [et_pb_line_break_holder] --><!-- [et_pb_line_break_holder] --><a href=\"http:\/\/drbronner.pl\/index.php\/2022\/11\/09\/produkcja-najlepszych-mydel\/\" class=\"ul_1\">Produkcja Najlepszych Myde\u0142<\/a><!-- [et_pb_line_break_holder] --><a href=\"http:\/\/drbronner.pl\/index.php\/2022\/11\/09\/certyfikacja-produktow\/\" class=\"ul_1\">Certyfikacja Produkt\u00f3w<\/a><!-- [et_pb_line_break_holder] --><a href=\"http:\/\/drbronner.pl\/index.php\/2022\/11\/09\/organiczna-integralnosc\/\" class=\"ul_1\">Organiczna Integralno\u015b\u0107<\/a><!-- [et_pb_line_break_holder] --><\/pee> <!-- [et_pb_line_break_holder] --><\/li>\n<p><!-- [et_pb_line_break_holder] -->  <\/p>\n<li class=\"numb_3\"><pee>    <!-- [et_pb_line_break_holder] -->   <a href=\"#3\"> <span class=\"number_menu3 number_menu\">3<\/span><span class=\"left-menu-tittle\">NASI PRACOWNICY<\/span><\/a><!-- [et_pb_line_break_holder] --><!-- [et_pb_line_break_holder] --><a href=\"http:\/\/drbronner.pl\/index.php\/2022\/11\/09\/postepowe-praktyki-biznesowe\/\" class=\"ul_1\">Post\u0119powe Praktyki Biznesowe<\/a><!-- [et_pb_line_break_holder] --><a href=\"http:\/\/drbronner.pl\/index.php\/2022\/11\/09\/wywiad-z-naszymi-pracownikami\/\" class=\"ul_1\">Wywiad z Naszymi Pracownikami<\/a><!-- [et_pb_line_break_holder] --><!-- [et_pb_line_break_holder] --><\/pee> <!-- [et_pb_line_break_holder] --><\/li>\n<p><!-- [et_pb_line_break_holder] -->  <\/p>\n<li class=\"numb_4\"><pee>    <!-- [et_pb_line_break_holder] -->   <a href=\"#4\"> <span class=\"number_menu4 number_menu\">4<\/span><span class=\"left-menu-tittle\">NASI DOSTAWCY<\/span><\/a><!-- [et_pb_line_break_holder] --><!-- [et_pb_line_break_holder] --><a href=\"http:\/\/drbronner.pl\/index.php\/2022\/11\/09\/budowanie-sprawiedliwych-lancuchow-dostaw\/\" class=\"ul_1\">Budowanie Sprawiedliwych \u0141a\u0144cuch\u00f3w Dostaw<\/a><!-- [et_pb_line_break_holder] --><a href=\"http:\/\/drbronner.pl\/index.php\/2022\/11\/09\/projekty-i-wspolpraca\/\" class=\"ul_1\">Projekty i Wsp\u00f3\u0142praca<\/a><!-- [et_pb_line_break_holder] --><!-- [et_pb_line_break_holder] --><\/pee> <!-- [et_pb_line_break_holder] --><\/li>\n<p><!-- [et_pb_line_break_holder] --> <\/p>\n<li class=\"numb_5\"><pee>    <!-- [et_pb_line_break_holder] -->   <a href=\"#5\"> <span class=\"number_menu5 number_menu\">5<\/span><span class=\"left-menu-tittle\">NASZA ZIEMIA<\/span><\/a><!-- [et_pb_line_break_holder] --><!-- [et_pb_line_break_holder] --><a href=\"http:\/\/drbronner.pl\/index.php\/2022\/11\/09\/regeneracyjne-rolnictwo-ekologiczne\/\" class=\"ul_1\">Regeneracyjne Rolnictwo Ekologiczne<\/a><!-- [et_pb_line_break_holder] --><a href=\"http:\/\/drbronner.pl\/index.php\/2022\/11\/09\/konstruktywny-kapitalizm\/\" class=\"ul_1\">Konstruktywny Kapitalizm<\/a><!-- [et_pb_line_break_holder] --><a href=\"http:\/\/drbronner.pl\/index.php\/2022\/11\/09\/wspominajac-wujka-ralpha\/\" class=\"ul_1\">Wspominaj\u0105c Wujka Ralpha<\/a><!-- [et_pb_line_break_holder] --><\/pee> <!-- [et_pb_line_break_holder] --><\/li>\n<p><!-- [et_pb_line_break_holder] --><\/ul>\n<p>[\/et_pb_code][\/et_pb_column][et_pb_column type=&#8221;1_2&#8243; _builder_version=&#8221;4.18.0&#8243; _module_preset=&#8221;default&#8221; global_colors_info=&#8221;{}&#8221;][et_pb_post_title author=&#8221;off&#8221; date=&#8221;off&#8221; comments=&#8221;off&#8221; featured_image=&#8221;off&#8221; _builder_version=&#8221;4.19.0&#8243; _module_preset=&#8221;default&#8221; title_font=&#8221;Benton Sans Comp Reg||||||||&#8221; title_text_align=&#8221;center&#8221; title_text_color=&#8221;#00307e&#8221; title_font_size=&#8221;4.5rem&#8221; global_colors_info=&#8221;{}&#8221;][\/et_pb_post_title][et_pb_text _builder_version=&#8221;4.19.0&#8243; _module_preset=&#8221;default&#8221; text_text_color=&#8221;#000000&#8243; global_colors_info=&#8221;{}&#8221;]TEKSTY DO UZUPE\u0141NIENIA[\/et_pb_text][\/et_pb_column][et_pb_column type=&#8221;1_4&#8243; _builder_version=&#8221;4.19.0&#8243; _module_preset=&#8221;default&#8221; custom_padding=&#8221;20px||||false|false&#8221; global_colors_info=&#8221;{}&#8221;][et_pb_blurb title=&#8221;Tw\u00f3j tytu\u0142 idzie tutaj&#8221; image=&#8221;data:image\/svg+xml;base64,PHN2ZyB3aWR0aD0iMTA4MCIgaGVpZ2h0PSI1NDAiIHZpZXdCb3g9IjAgMCAxMDgwIDU0MCIgeG1sbnM9Imh0dHA6Ly93d3cudzMub3JnLzIwMDAvc3ZnIj4KICAgIDxnIGZpbGw9Im5vbmUiIGZpbGwtcnVsZT0iZXZlbm9kZCI+CiAgICAgICAgPHBhdGggZmlsbD0iI0VCRUJFQiIgZD0iTTAgMGgxMDgwdjU0MEgweiIvPgogICAgICAgIDxwYXRoIGQ9Ik00NDUuNjQ5IDU0MGgtOTguOTk1TDE0NC42NDkgMzM3Ljk5NSAwIDQ4Mi42NDR2LTk4Ljk5NWwxMTYuMzY1LTExNi4zNjVjMTUuNjItMTUuNjIgNDAuOTQ3LTE1LjYyIDU2LjU2OCAwTDQ0NS42NSA1NDB6IiBmaWxsLW9wYWNpdHk9Ii4xIiBmaWxsPSIjMDAwIiBmaWxsLXJ1bGU9Im5vbnplcm8iLz4KICAgICAgICA8Y2lyY2xlIGZpbGwtb3BhY2l0eT0iLjA1IiBmaWxsPSIjMDAwIiBjeD0iMzMxIiBjeT0iMTQ4IiByPSI3MCIvPgogICAgICAgIDxwYXRoIGQ9Ik0xMDgwIDM3OXYxMTMuMTM3TDcyOC4xNjIgMTQwLjMgMzI4LjQ2MiA1NDBIMjE1LjMyNEw2OTkuODc4IDU1LjQ0NmMxNS42Mi0xNS42MiA0MC45NDgtMTUuNjIgNTYuNTY4IDBMMTA4MCAzNzl6IiBmaWxsLW9wYWNpdHk9Ii4yIiBmaWxsPSIjMDAwIiBmaWxsLXJ1bGU9Im5vbnplcm8iLz4KICAgIDwvZz4KPC9zdmc+Cg==&#8221; disabled_on=&#8221;on|on|on&#8221; module_id=&#8221;prawy_bok_about&#8221; _builder_version=&#8221;4.19.0&#8243; _module_preset=&#8221;default&#8221; disabled=&#8221;on&#8221; global_module=&#8221;3081&#8243; global_colors_info=&#8221;{}&#8221;]<\/p>\n<p>Your content goes here. Edit or remove this text inline or in the module Content settings. You can also style every aspect of this content in the module Design settings and even apply custom CSS to this text in the module Advanced settings.<\/p>\n<p>[\/et_pb_blurb][\/et_pb_column][\/et_pb_row][\/et_pb_section][et_pb_section fb_built=&#8221;1&#8243; _builder_version=&#8221;4.19.0&#8243; _module_preset=&#8221;default&#8221; background_image=&#8221;http:\/\/drbronner.pl\/wp-content\/uploads\/2022\/11\/footer-earth-space__mobile-1.jpg&#8221; global_module=&#8221;1137&#8243; saved_tabs=&#8221;all&#8221; global_colors_info=&#8221;{}&#8221;][et_pb_row column_structure=&#8221;1_5,1_5,1_5,1_5,1_5&#8243; _builder_version=&#8221;4.19.0&#8243; _module_preset=&#8221;default&#8221; max_width=&#8221;2560px&#8221; global_colors_info=&#8221;{}&#8221;][et_pb_column type=&#8221;1_5&#8243; _builder_version=&#8221;4.18.1&#8243; _module_preset=&#8221;default&#8221; global_colors_info=&#8221;{}&#8221;][\/et_pb_column][et_pb_column type=&#8221;1_5&#8243; _builder_version=&#8221;4.18.1&#8243; _module_preset=&#8221;default&#8221; global_colors_info=&#8221;{}&#8221;][\/et_pb_column][et_pb_column type=&#8221;1_5&#8243; _builder_version=&#8221;4.18.1&#8243; _module_preset=&#8221;default&#8221; global_colors_info=&#8221;{}&#8221;][\/et_pb_column][et_pb_column type=&#8221;1_5&#8243; _builder_version=&#8221;4.18.1&#8243; _module_preset=&#8221;default&#8221; global_colors_info=&#8221;{}&#8221;][\/et_pb_column][et_pb_column type=&#8221;1_5&#8243; _builder_version=&#8221;4.18.1&#8243; _module_preset=&#8221;default&#8221; global_colors_info=&#8221;{}&#8221;][\/et_pb_column][\/et_pb_row][\/et_pb_section]<\/p>\n","protected":false},"excerpt":{"rendered":"<p>TEKSTY DO UZUPE\u0141NIENIAYour content goes here. Edit or remove this text inline or in the module Content settings. You can also style every aspect of this content in the module Design settings and even apply custom CSS to this text in the module Advanced settings.<\/p>\n","protected":false},"author":1,"featured_media":0,"parent":0,"menu_order":0,"comment_status":"closed","ping_status":"closed","template":"","meta":{"_et_pb_use_builder":"on","_et_pb_old_content":"","_et_gb_content_width":"","footnotes":""},"class_list":["post-3804","page","type-page","status-publish","hentry"],"_links":{"self":[{"href":"https:\/\/drbronner.pl\/index.php\/wp-json\/wp\/v2\/pages\/3804","targetHints":{"allow":["GET"]}}],"collection":[{"href":"https:\/\/drbronner.pl\/index.php\/wp-json\/wp\/v2\/pages"}],"about":[{"href":"https:\/\/drbronner.pl\/index.php\/wp-json\/wp\/v2\/types\/page"}],"author":[{"embeddable":true,"href":"https:\/\/drbronner.pl\/index.php\/wp-json\/wp\/v2\/users\/1"}],"replies":[{"embeddable":true,"href":"https:\/\/drbronner.pl\/index.php\/wp-json\/wp\/v2\/comments?post=3804"}],"version-history":[{"count":4,"href":"https:\/\/drbronner.pl\/index.php\/wp-json\/wp\/v2\/pages\/3804\/revisions"}],"predecessor-version":[{"id":3947,"href":"https:\/\/drbronner.pl\/index.php\/wp-json\/wp\/v2\/pages\/3804\/revisions\/3947"}],"wp:attachment":[{"href":"https:\/\/drbronner.pl\/index.php\/wp-json\/wp\/v2\/media?parent=3804"}],"curies":[{"name":"wp","href":"https:\/\/api.w.org\/{rel}","templated":true}]}}