{"id":1682,"date":"2022-11-03T12:43:54","date_gmt":"2022-11-03T12:43:54","guid":{"rendered":"http:\/\/drbronner.pl\/?page_id=1682"},"modified":"2022-11-03T12:45:28","modified_gmt":"2022-11-03T12:45:28","slug":"pasty_do_zebow","status":"publish","type":"page","link":"https:\/\/drbronner.pl\/index.php\/pasty_do_zebow\/","title":{"rendered":"PASTY_DO_ZEBOW"},"content":{"rendered":"<p>[et_pb_section fb_built=&#8221;1&#8243; _builder_version=&#8221;4.18.1&#8243; _module_preset=&#8221;default&#8221; background_color=&#8221;#0f2046&#8243; custom_margin=&#8221;0px||0px||false|false&#8221; custom_padding=&#8221;0px||0px||false|false&#8221; sticky_position=&#8221;top&#8221; box_shadow_style=&#8221;preset1&#8243; global_module=&#8221;518&#8243; saved_tabs=&#8221;all&#8221; global_colors_info=&#8221;{}&#8221;][et_pb_row column_structure=&#8221;3_4,1_4&#8243; use_custom_gutter=&#8221;on&#8221; gutter_width=&#8221;1&#8243; make_equal=&#8221;on&#8221; _builder_version=&#8221;4.18.0&#8243; _module_preset=&#8221;default&#8221; background_color=&#8221;rgba(15,32,70,0)&#8221; width=&#8221;100%&#8221; max_width=&#8221;2560px&#8221; module_alignment=&#8221;right&#8221; height=&#8221;60px&#8221; custom_margin=&#8221;0px||0px||false|false&#8221; custom_padding=&#8221;0px||0px||true|false&#8221; global_colors_info=&#8221;{}&#8221;][et_pb_column type=&#8221;3_4&#8243; _builder_version=&#8221;4.18.0&#8243; _module_preset=&#8221;default&#8221; custom_padding=&#8221;|0px|||false|false&#8221; custom_css_main_element=&#8221;width:85vw !important;||&#8221; global_colors_info=&#8221;{}&#8221;][et_pb_menu active_link_color=&#8221;#fefefe&#8221; logo=&#8221;http:\/\/drbronner.pl\/wp-content\/uploads\/2022\/06\/poziom-wh.svg&#8221; logo_url=&#8221;http:\/\/drbronner.pl\/&#8221; logo_width=&#8221;10%&#8221; _builder_version=&#8221;4.18.1&#8243; _module_preset=&#8221;default&#8221; menu_font=&#8221;Benton Compressed &#8211; bold|||on|||||&#8221; menu_text_color=&#8221;#fefefe&#8221; menu_font_size=&#8221;16px&#8221; menu_letter_spacing=&#8221;3px&#8221; menu_line_height=&#8221;0em&#8221; background_color=&#8221;rgba(255,255,255,0)&#8221; text_orientation=&#8221;right&#8221; width=&#8221;100%&#8221; module_alignment=&#8221;right&#8221; height=&#8221;60px&#8221; custom_margin=&#8221;0px|0px|0px||false|false&#8221; custom_padding=&#8221;0%||0px|5%|false|false&#8221; custom_css_main_element=&#8221;float:right;&#8221; custom_css_menu_logo=&#8221;margin-top:-20px;&#8221; global_colors_info=&#8221;{}&#8221; menu_text_color__hover_enabled=&#8221;on|hover&#8221; menu_text_color__hover=&#8221;#6e9bbf&#8221;][\/et_pb_menu][\/et_pb_column][et_pb_column type=&#8221;1_4&#8243; _builder_version=&#8221;4.18.0&#8243; _module_preset=&#8221;default&#8221; custom_padding=&#8221;|50px|||false|false&#8221; custom_css_main_element=&#8221;width:15vw !important;&#8221; global_colors_info=&#8221;{}&#8221;][et_pb_blurb use_icon=&#8221;on&#8221; font_icon=&#8221;&#xf39e;||fa||400&#8243; icon_color=&#8221;#FFFFFF&#8221; icon_placement=&#8221;left&#8221; image_icon_width=&#8221;24px&#8221; admin_label=&#8221;facebook&#8221; _builder_version=&#8221;4.18.0&#8243; _module_preset=&#8221;default&#8221; background_color=&#8221;#00358e&#8221; width=&#8221;50px&#8221; height=&#8221;100%&#8221; custom_margin=&#8221;0px||0px|5px|false|false&#8221; custom_padding=&#8221;18px||20px|18px|false|false&#8221; custom_css_main_element=&#8221;float:right;&#8221; global_colors_info=&#8221;{}&#8221;][\/et_pb_blurb][et_pb_blurb use_icon=&#8221;on&#8221; font_icon=&#8221;&#xf16d;||fa||400&#8243; icon_color=&#8221;#FFFFFF&#8221; icon_placement=&#8221;left&#8221; image_icon_width=&#8221;24px&#8221; admin_label=&#8221;IG&#8221; _builder_version=&#8221;4.17.4&#8243; _module_preset=&#8221;default&#8221; background_color=&#8221;#00358e&#8221; width=&#8221;50px&#8221; height=&#8221;100%&#8221; custom_margin=&#8221;0px|0px|0px|5px|false|false&#8221; custom_padding=&#8221;18px||20px|15px|false|false&#8221; custom_css_main_element=&#8221;float:right;&#8221; global_colors_info=&#8221;{}&#8221;][\/et_pb_blurb][et_pb_blurb use_icon=&#8221;on&#8221; font_icon=&#8221;&#xe07a;||divi||400&#8243; icon_color=&#8221;#FFFFFF&#8221; icon_placement=&#8221;left&#8221; image_icon_width=&#8221;24px&#8221; _builder_version=&#8221;4.17.4&#8243; _module_preset=&#8221;default&#8221; background_color=&#8221;#00358e&#8221; width=&#8221;50px&#8221; height=&#8221;100%&#8221; custom_margin=&#8221;0px|0px|0px|0px|false|false&#8221; custom_padding=&#8221;18px||20px|15px|false|false&#8221; custom_css_main_element=&#8221;float:right;&#8221; global_colors_info=&#8221;{}&#8221;][\/et_pb_blurb][\/et_pb_column][\/et_pb_row][\/et_pb_section][et_pb_section fb_built=&#8221;1&#8243; _builder_version=&#8221;4.18.0&#8243; _module_preset=&#8221;default&#8221; custom_padding=&#8221;0px||0px||false|false&#8221; global_module=&#8221;728&#8243; saved_tabs=&#8221;all&#8221; global_colors_info=&#8221;{}&#8221;][et_pb_row column_structure=&#8221;1_3,1_3,1_3&#8243; use_custom_gutter=&#8221;on&#8221; gutter_width=&#8221;2&#8243; _builder_version=&#8221;4.18.0&#8243; _module_preset=&#8221;default&#8221; width=&#8221;60%&#8221; max_width=&#8221;2560px&#8221; global_colors_info=&#8221;{}&#8221;][et_pb_column type=&#8221;1_3&#8243; _builder_version=&#8221;4.18.0&#8243; _module_preset=&#8221;default&#8221; custom_css_main_element=&#8221;width:40% !important;&#8221; global_colors_info=&#8221;{}&#8221;][et_pb_text _builder_version=&#8221;4.18.0&#8243; _module_preset=&#8221;default&#8221; text_font=&#8221;Benton Sans Medium||||||||&#8221; text_text_color=&#8221;#000000&#8243; text_font_size=&#8221;18px&#8221; header_font=&#8221;Abel||||||||&#8221; global_colors_info=&#8221;{}&#8221;]<\/p>\n<p><strong>Dr. Bronner\u2019s is the top-selling soap in the U.S. natural marketplace.<\/strong><span>\u00a0Only the purest organic &amp; fair trade ingredients. No synthetic preservatives, no detergents or foaming agents\u2014none!<\/span><\/p>\n<p>[\/et_pb_text][\/et_pb_column][et_pb_column type=&#8221;1_3&#8243; _builder_version=&#8221;4.18.0&#8243; _module_preset=&#8221;default&#8221; custom_css_main_element=&#8221;width:40% !important;&#8221; global_colors_info=&#8221;{}&#8221;][et_pb_text _builder_version=&#8221;4.18.0&#8243; _module_preset=&#8221;default&#8221; text_font=&#8221;Benton Sans Medium||||||||&#8221; text_text_color=&#8221;#000000&#8243; text_font_size=&#8221;18px&#8221; header_font=&#8221;Abel||||||||&#8221; text_orientation=&#8221;center&#8221; global_colors_info=&#8221;{}&#8221;]<strong>Nasze Certyfikaty<\/strong>[\/et_pb_text][et_pb_image src=&#8221;http:\/\/drbronner.pl\/wp-content\/uploads\/2022\/10\/certyfikaty.png&#8221; title_text=&#8221;certyfikaty&#8221; _builder_version=&#8221;4.18.0&#8243; _module_preset=&#8221;default&#8221; custom_margin=&#8221;0px||0px||false|false&#8221; custom_padding=&#8221;0px||3px||false|false&#8221; global_colors_info=&#8221;{}&#8221;][\/et_pb_image][et_pb_text _builder_version=&#8221;4.18.0&#8243; _module_preset=&#8221;default&#8221; text_font=&#8221;Benton Sans Medium||||||||&#8221; text_font_size=&#8221;10px&#8221; text_line_height=&#8221;1.3em&#8221; text_orientation=&#8221;center&#8221; custom_margin=&#8221;0px||0px||false|false&#8221; custom_padding=&#8221;0px||0px||false|false&#8221; global_colors_info=&#8221;{}&#8221;]Certyfikowany zgodnie z najsurowszymi standardami bran\u017cowymi. Nasz najnowszy wysoki standard: Regenerative Organic Certified\u2122. Sprawd\u017a etykiet\u0119! \u017badnego szumu wok\u00f3\u0142 greenwashingu![\/et_pb_text][\/et_pb_column][et_pb_column type=&#8221;1_3&#8243; _builder_version=&#8221;4.18.0&#8243; _module_preset=&#8221;default&#8221; custom_css_main_element=&#8221;width:10% !important;&#8221; global_colors_info=&#8221;{}&#8221;][\/et_pb_column][\/et_pb_row][\/et_pb_section][et_pb_section fb_built=&#8221;1&#8243; _builder_version=&#8221;4.18.1&#8243; _module_preset=&#8221;default&#8221; background_color=&#8221;#ebeaea&#8221; max_height=&#8221;42px&#8221; custom_margin=&#8221;0px||0px||false|false&#8221; custom_padding=&#8221;1px||3px||false|false&#8221; hover_transition_duration=&#8221;0ms&#8221; hover_transition_speed_curve=&#8221;ease-in-out&#8221; sticky_position=&#8221;top&#8221; global_module=&#8221;1156&#8243; saved_tabs=&#8221;all&#8221; global_colors_info=&#8221;{}&#8221;][et_pb_row _builder_version=&#8221;4.18.0&#8243; _module_preset=&#8221;default&#8221; width=&#8221;60%&#8221; max_width=&#8221;2560px&#8221; custom_padding=&#8221;0px||0px||false|false&#8221; global_colors_info=&#8221;{}&#8221;][et_pb_column type=&#8221;4_4&#8243; _builder_version=&#8221;4.18.0&#8243; _module_preset=&#8221;default&#8221; global_colors_info=&#8221;{}&#8221;][et_pb_menu menu_id=&#8221;12&#8243; module_class=&#8221;menu-produkty&#8221; _builder_version=&#8221;4.18.1&#8243; _module_preset=&#8221;default&#8221; menu_font=&#8221;Benton Sans Medium|||on|||||&#8221; menu_font_size=&#8221;12px&#8221; menu_letter_spacing=&#8221;0.2em&#8221; menu_line_height=&#8221;0em&#8221; background_color=&#8221;rgba(255,255,255,0)&#8221; animation_style=&#8221;fade&#8221; global_colors_info=&#8221;{}&#8221;][\/et_pb_menu][\/et_pb_column][\/et_pb_row][\/et_pb_section][et_pb_section fb_built=&#8221;1&#8243; _builder_version=&#8221;4.18.0&#8243; _module_preset=&#8221;default&#8221; global_colors_info=&#8221;{}&#8221;][et_pb_row _builder_version=&#8221;4.18.0&#8243; _module_preset=&#8221;default&#8221; width=&#8221;70%&#8221; max_width=&#8221;2560px&#8221; global_colors_info=&#8221;{}&#8221;][et_pb_column type=&#8221;4_4&#8243; _builder_version=&#8221;4.18.0&#8243; _module_preset=&#8221;default&#8221; global_colors_info=&#8221;{}&#8221;][et_pb_code _builder_version=&#8221;4.18.1&#8243; _module_preset=&#8221;default&#8221; global_colors_info=&#8221;{}&#8221;][et_pb_section global_module=\"146\"][\/et_pb_section][\/et_pb_code][\/et_pb_column][\/et_pb_row][\/et_pb_section]<\/p>\n","protected":false},"excerpt":{"rendered":"<p>Dr. Bronner\u2019s is the top-selling soap in the U.S. natural marketplace.\u00a0Only the purest organic &amp; fair trade ingredients. No synthetic preservatives, no detergents or foaming agents\u2014none!Nasze CertyfikatyCertyfikowany zgodnie z najsurowszymi standardami bran\u017cowymi. Nasz najnowszy wysoki standard: Regenerative Organic Certified\u2122. Sprawd\u017a etykiet\u0119! \u017badnego szumu wok\u00f3\u0142 greenwashingu!<div class=\"et_pb_section et_pb_section_1 et_pb_sticky_module et_pb_with_background et_section_regular\" >\n\t\t\t\t\n\t\t\t\t\n\t\t\t\t\n\t\t\t\t\n\t\t\t\t\n\t\t\t\t\n\t\t\t\t<div class=\"et_pb_row et_pb_row_0\">\n\t\t\t\t<div class=\"et_pb_column et_pb_column_1_4 et_pb_column_0  et_pb_css_mix_blend_mode_passthrough\">\n\t\t\t\t\n\t\t\t\t\n\t\t\t\t\n\t\t\t\t\n\t\t\t\t<div class=\"et_pb_module et_pb_blurb et_pb_blurb_0 notka-sklep et_clickable  et_pb_text_align_left  et_pb_blurb_position_top et_pb_bg_layout_light\">\n\t\t\t\t\n\t\t\t\t\n\t\t\t\t\n\t\t\t\t\n\t\t\t\t<div class=\"et_pb_blurb_content\">\n\t\t\t\t\t<div class=\"et_pb_main_blurb_image\"><span class=\"et_pb_image_wrap et_pb_only_image_mode_wrap\"><img loading=\"lazy\" decoding=\"async\" width=\"250\" height=\"635\" src=\"http:\/\/drbronner.pl\/wp-content\/uploads\/2022\/10\/peppermint-all-one-toothpaste.png\" alt=\"\" srcset=\"https:\/\/drbronner.pl\/wp-content\/uploads\/2022\/10\/peppermint-all-one-toothpaste.png 250w, https:\/\/drbronner.pl\/wp-content\/uploads\/2022\/10\/peppermint-all-one-toothpaste-118x300.png 118w\" sizes=\"(max-width: 250px) 100vw, 250px\" class=\"et-waypoint et_pb_animation_top et_pb_animation_top_tablet et_pb_animation_top_phone wp-image-265\" \/><\/span><\/div>\n\t\t\t\t\t<div class=\"et_pb_blurb_container\">\n\t\t\t\t\t\t<h4 class=\"et_pb_module_header\"><span>Mi\u0119towa pasta do z\u0119b\u00f3w ALL-ONE<\/span><\/h4>\n\t\t\t\t\t\t<div class=\"et_pb_blurb_description\"><p>Myj sk\u0142adnikami, kt\u00f3rym ufasz.<\/p>\n<\/div>\n\t\t\t\t\t<\/div>\n\t\t\t\t<\/div>\n\t\t\t<\/div>\n\t\t\t<\/div><div class=\"et_pb_column et_pb_column_1_4 et_pb_column_1  et_pb_css_mix_blend_mode_passthrough\">\n\t\t\t\t\n\t\t\t\t\n\t\t\t\t\n\t\t\t\t\n\t\t\t\t<div class=\"et_pb_module et_pb_blurb et_pb_blurb_1 notka-sklep et_clickable  et_pb_text_align_left  et_pb_blurb_position_top et_pb_bg_layout_light\">\n\t\t\t\t\n\t\t\t\t\n\t\t\t\t\n\t\t\t\t\n\t\t\t\t<div class=\"et_pb_blurb_content\">\n\t\t\t\t\t<div class=\"et_pb_main_blurb_image\"><span class=\"et_pb_image_wrap et_pb_only_image_mode_wrap\"><img loading=\"lazy\" decoding=\"async\" width=\"250\" height=\"635\" src=\"http:\/\/drbronner.pl\/wp-content\/uploads\/2022\/10\/spearmint-all-one-toothpaste.png\" alt=\"\" srcset=\"https:\/\/drbronner.pl\/wp-content\/uploads\/2022\/10\/spearmint-all-one-toothpaste.png 250w, https:\/\/drbronner.pl\/wp-content\/uploads\/2022\/10\/spearmint-all-one-toothpaste-118x300.png 118w\" sizes=\"(max-width: 250px) 100vw, 250px\" class=\"et-waypoint et_pb_animation_top et_pb_animation_top_tablet et_pb_animation_top_phone wp-image-273\" \/><\/span><\/div>\n\t\t\t\t\t<div class=\"et_pb_blurb_container\">\n\t\t\t\t\t\t<h4 class=\"et_pb_module_header\"><span>Mi\u0119towa pasta do z\u0119b\u00f3w ALL-ONE<\/span><\/h4>\n\t\t\t\t\t\t<div class=\"et_pb_blurb_description\">\u0141agodna, mi\u0119towa \u015bwie\u017co\u015b\u0107.<\/div>\n\t\t\t\t\t<\/div>\n\t\t\t\t<\/div>\n\t\t\t<\/div>\n\t\t\t<\/div><div class=\"et_pb_column et_pb_column_1_4 et_pb_column_2  et_pb_css_mix_blend_mode_passthrough et_pb_column_empty\">\n\t\t\t\t\n\t\t\t\t\n\t\t\t\t\n\t\t\t\t\n\t\t\t\t\n\t\t\t<\/div><div class=\"et_pb_column et_pb_column_1_4 et_pb_column_3  et_pb_css_mix_blend_mode_passthrough et-last-child et_pb_column_empty\">\n\t\t\t\t\n\t\t\t\t\n\t\t\t\t\n\t\t\t\t\n\t\t\t\t\n\t\t\t<\/div>\n\t\t\t\t\n\t\t\t\t\n\t\t\t\t\n\t\t\t\t\n\t\t\t<\/div>\n\t\t\t\t\n\t\t\t\t\n\t\t\t<\/div><\/p>\n","protected":false},"author":1,"featured_media":0,"parent":0,"menu_order":0,"comment_status":"closed","ping_status":"closed","template":"","meta":{"_et_pb_use_builder":"on","_et_pb_old_content":"","_et_gb_content_width":"","footnotes":""},"class_list":["post-1682","page","type-page","status-publish","hentry"],"_links":{"self":[{"href":"https:\/\/drbronner.pl\/index.php\/wp-json\/wp\/v2\/pages\/1682","targetHints":{"allow":["GET"]}}],"collection":[{"href":"https:\/\/drbronner.pl\/index.php\/wp-json\/wp\/v2\/pages"}],"about":[{"href":"https:\/\/drbronner.pl\/index.php\/wp-json\/wp\/v2\/types\/page"}],"author":[{"embeddable":true,"href":"https:\/\/drbronner.pl\/index.php\/wp-json\/wp\/v2\/users\/1"}],"replies":[{"embeddable":true,"href":"https:\/\/drbronner.pl\/index.php\/wp-json\/wp\/v2\/comments?post=1682"}],"version-history":[{"count":3,"href":"https:\/\/drbronner.pl\/index.php\/wp-json\/wp\/v2\/pages\/1682\/revisions"}],"predecessor-version":[{"id":1687,"href":"https:\/\/drbronner.pl\/index.php\/wp-json\/wp\/v2\/pages\/1682\/revisions\/1687"}],"wp:attachment":[{"href":"https:\/\/drbronner.pl\/index.php\/wp-json\/wp\/v2\/media?parent=1682"}],"curies":[{"name":"wp","href":"https:\/\/api.w.org\/{rel}","templated":true}]}}